{"id":32998,"date":"2020-10-18T12:16:38","date_gmt":"2020-10-18T12:16:38","guid":{"rendered":"https:\/\/www.deltae.ee\/hvac\/tehnohooldus\/"},"modified":"2021-09-10T12:01:24","modified_gmt":"2021-09-10T12:01:24","slug":"maintenance","status":"publish","type":"page","link":"https:\/\/www.deltae.ee\/en\/hvac\/maintenance\/","title":{"rendered":"Maintenance"},"content":{"rendered":"<div class=\"wpb-content-wrapper\"><p>[vc_row full_width=&#8221;stretch_row&#8221; content_placement=&#8221;middle&#8221; css=&#8221;.vc_custom_1603023210285{padding-top: 3% !important;padding-bottom: 1% !important;}&#8221;][vc_column width=&#8221;1\/2&#8243;]<header class=\"kd-section-title col-lg-12 text-left solid-line sep-border-width-2 130px   \" ><h1 class=\"separator_on\" >What is maintenance and its benefits?<br \/>\n<\/h1><div class=\"kd-separator below_title\" style=\"width:130px;\"><div class=\"kd-separator-line\" style=\"border-color:#20e4fd\"><\/div><\/div><\/header>[vc_column_text]<span style=\"font-weight: 400;\">Maintenance service \u2013 activities and works for physical preservation of the buildings that are part of the immovable, ensuring that the condition of the technical systems located in the buildings complies with the prescribed requirements.<\/span><\/p>\n<p><span style=\"font-weight: 400;\">We offer the maintenance of technical systems in buildings as a complex service, the advantage of which is a comprehensive overview of the various systems of the building (heating, ventilation, cooling, water, automation of technical systems, sewerage and electrical systems, etc.) by the maintainer. Ordering all maintenance of technical systems from one company saves money and time.<\/span><\/p>\n<p><span style=\"font-weight: 400;\">The maintenance of technical systems and their parts is performed in accordance with the operations and regularity fixed in the EVS 807:2016 standard, the work performed during maintenance is recorded in the maintenance log, which ensures the availability of the necessary information.<\/span>[\/vc_column_text][\/vc_column][vc_column width=&#8221;1\/2&#8243;][vc_single_image image=&#8221;33001&#8243; img_size=&#8221;800&#215;600&#8243;][\/vc_column][\/vc_row][vc_row full_width=&#8221;stretch_row&#8221; gap=&#8221;10&#8243; equal_height=&#8221;yes&#8221; rtl_reverse=&#8221;yes&#8221; content_placement=&#8221;middle&#8221; css=&#8221;.vc_custom_1590000566661{margin-top: 2% !important;margin-bottom: 2% !important;background-position: 0 0 !important;background-repeat: no-repeat !important;}&#8221;][vc_column width=&#8221;1\/3&#8243;][vc_single_image image=&#8221;33002&#8243; img_size=&#8221;800&#215;1000&#8243; alignment=&#8221;center&#8221; css=&#8221;.vc_custom_1618573947137{margin-bottom: 0px !important;}&#8221;][\/vc_column][vc_column width=&#8221;2\/3&#8243;][vc_column_text]<strong>Main objectives of maintenance<\/strong><\/p>\n<ul>\n<li><span style=\"font-weight: 400;\">Ensuring the optimal purposeful operation of technical systems and equipment by conducting regular inspections, controls and adjustments.<\/span><\/li>\n<li><span style=\"font-weight: 400;\">Preventing emergencies and degradation by eliminating minor errors on an ongoing basis.<\/span><\/li>\n<li><span style=\"font-weight: 400;\">Reduction of the likelihood of significant deficiencies or destruction of systems through regular inspection, checks, cleaning and troubleshooting. Consistent maintenance provides a good overview of the current state of the systems<\/span><\/li>\n<li><span style=\"font-weight: 400;\">Extend the service life of your equipment through regular maintenance.<\/span><\/li>\n<li><span style=\"font-weight: 400;\">Avoiding excessive energy consumption.<\/span><\/li>\n<li><span style=\"font-weight: 400;\">It is of principal importance to ensure the safety of the building from the point of view of both the fire safety of the building and health protection.<\/span><\/li>\n<li><span style=\"font-weight: 400;\">Creating and maintaining the entire maintenance plan in the relevant software.<\/span><\/li>\n<li><span style=\"font-weight: 400;\">Consolidation of maintenance activities, problems, solutions into a single software.<\/span><\/li>\n<li><span style=\"font-weight: 400;\">Budget planning during maintenance.<\/span><\/li>\n<li><span style=\"font-weight: 400;\">Ensure a comfortable indoor climate for users.<\/span><\/li>\n<li><span style=\"font-weight: 400;\">To make the operating environment of the building functionally suitable, which in turn increases the comfort and productivity of the employees.<\/span><\/li>\n<li><span style=\"font-weight: 400;\">Let the end user focus on their core business.<\/span><\/li>\n<li><span style=\"font-weight: 400;\">Help predict and reduce operating costs and improve the quality of routine maintenance.<\/span><\/li>\n<li><span style=\"font-weight: 400;\">Advise the client on issues related to the existing building and planned extensions \/ reconstructions (from design to construction).<\/span><\/li>\n<\/ul>\n<p>[\/vc_column_text][\/vc_column][\/vc_row][vc_row full_width=&#8221;stretch_row&#8221; gap=&#8221;10&#8243; equal_height=&#8221;yes&#8221; rtl_reverse=&#8221;yes&#8221; content_placement=&#8221;middle&#8221; css=&#8221;.vc_custom_1590000566661{margin-top: 2% !important;margin-bottom: 2% !important;background-position: 0 0 !important;background-repeat: no-repeat !important;}&#8221;][vc_column width=&#8221;2\/3&#8243;][vc_column_text]<strong>Standard problems<\/strong><\/p>\n<ul>\n<li><span style=\"font-weight: 400;\">Ventilation filters are dirty, which means that the fans of the device have to consume significantly more electricity to ensure airflow volumes.<\/span><\/li>\n<li><span style=\"font-weight: 400;\">The ventilation units are dirty inside, so they must be cleaned inside; if the outside air valve does not close completely when the unit stops, the water heater may freeze. If the outside air valve does not open completely, the air flow will decrease.<\/span><\/li>\n<li><span style=\"font-weight: 400;\">Heating and \/ or cooling heaters are leaking.<\/span><\/li>\n<li><span style=\"font-weight: 400;\">Condensate drainage problems with a plate heat exchanger unit.<\/span><\/li>\n<li><span style=\"font-weight: 400;\">Ventilation ducts are dirty inside.<\/span><\/li>\n<li><span style=\"font-weight: 400;\">People complain about lack of air (fire dampers are closed).<\/span><\/li>\n<li><span style=\"font-weight: 400;\">A possible reason for the reduced regeneration rate may be that the rotor speed is too low as the drive belt slips.<\/span><\/li>\n<li><span style=\"font-weight: 400;\">The heat exchanger does not work, which is probably due to a broken heat exchanger belt.<\/span><\/li>\n<li><span style=\"font-weight: 400;\">The surfaces of the electric heater ribs must be clean, otherwise the electric heating rods may deform when they overheat, or the fasteners become weak, which causes uneven air heating.<\/span><\/li>\n<li><span style=\"font-weight: 400;\">The fan V-belts slip, which can cause less fan air. Another reason may be the layer of dust that has accumulated on the impeller blades.<\/span><\/li>\n<li><span style=\"font-weight: 400;\">Overheated electric heating rods may deform or their attachments may become loose and cause uneven air heating.<\/span><\/li>\n<li><span style=\"font-weight: 400;\">Heat exchangers in the heating unit are clogged, valves \/ sensors are leaking.<\/span><\/li>\n<li><span style=\"font-weight: 400;\">The condensate pump does not work.<\/span><\/li>\n<li><span style=\"font-weight: 400;\">Low compressor oil level.<\/span><\/li>\n<li><span style=\"font-weight: 400;\">Low water pressure from taps, clogged pipes \/ filters, incorrectly dimensioned pipe sizes.<\/span><\/li>\n<li><span style=\"font-weight: 400;\">Excessive water pressure, hydraulic shocks.<\/span><\/li>\n<li><span style=\"font-weight: 400;\">Leaks in pipelines.<\/span><\/li>\n<\/ul>\n<p>[\/vc_column_text][\/vc_column][vc_column width=&#8221;1\/3&#8243;][vc_single_image image=&#8221;33003&#8243; img_size=&#8221;full&#8221; alignment=&#8221;center&#8221; css=&#8221;.vc_custom_1603023955205{margin-bottom: 0px !important;}&#8221;][\/vc_column][\/vc_row][vc_row full_width=&#8221;stretch_row&#8221; gap=&#8221;10&#8243; equal_height=&#8221;yes&#8221; rtl_reverse=&#8221;yes&#8221; content_placement=&#8221;middle&#8221; css=&#8221;.vc_custom_1590000566661{margin-top: 2% !important;margin-bottom: 2% !important;background-position: 0 0 !important;background-repeat: no-repeat !important;}&#8221;][vc_column width=&#8221;1\/2&#8243;][vc_single_image image=&#8221;33005&#8243; img_size=&#8221;600&#215;330&#8243; alignment=&#8221;center&#8221; css=&#8221;.vc_custom_1603027333664{margin-bottom: 0px !important;}&#8221;][\/vc_column][vc_column width=&#8221;1\/2&#8243;][vc_column_text]<strong>Maintenance structure<\/strong><\/p>\n<ul>\n<li><span style=\"font-weight: 400;\">Assessment of the current situation of technical systems and mapping of errors<\/span><\/li>\n<li><span style=\"font-weight: 400;\">Preparation of a maintenance plan taking into account the special wishes of the client<\/span><\/li>\n<li><span style=\"font-weight: 400;\">Standard maintenance procedures<\/span><\/li>\n<li><span style=\"font-weight: 400;\">Fault and accident response<\/span><\/li>\n<li><span style=\"font-weight: 400;\">Evaluation of the performance of technical systems and continuous submission of proposals for improvement<\/span><\/li>\n<li><span style=\"font-weight: 400;\">Submitting an investment plan to the client once a year<\/span><\/li>\n<\/ul>\n<p>[\/vc_column_text][\/vc_column][\/vc_row][vc_row full_width=&#8221;stretch_row&#8221; css=&#8221;.vc_custom_1551187421738{margin-top: 5% !important;margin-bottom: 2% !important;}&#8221; el_id=&#8221;register&#8221;][vc_column][vc_row_inner][vc_column_inner width=&#8221;1\/4&#8243;][\/vc_column_inner][vc_column_inner width=&#8221;1\/2&#8243;]<header class=\"kd-section-title col-lg-12 text-center    \" ><h2 class=\"separator_off\" >Order maintenance and ask for a free consultation!<br \/>\n<\/h2><\/header>[vc_empty_space height=&#8221;25px&#8221;]<a  href=\"https:\/\/www.deltae.ee\/en\/contact\/\"  target=\"_self\"  title=\"\" class=\"tt_button    button-center  \" ><span class=\"prim_text\">Contact us<\/span><span class=\" iconita\"><\/span><\/a>[vc_empty_space height=&#8221;25px&#8221;][\/vc_column_inner][vc_column_inner width=&#8221;1\/4&#8243;][\/vc_column_inner][\/vc_row_inner][\/vc_column][\/vc_row][vc_row css=&#8221;.vc_custom_1549963493599{margin-top: 5% !important;}&#8221;][vc_column]<header class=\"kd-section-title col-lg-12 text-center solid-line sep-border-width-2 130px   \" ><h2 class=\"separator_on\" >References<\/h2><div class=\"kd-separator below_title\" style=\"width:130px;\"><div class=\"kd-separator-line\" style=\"border-color:#20e4fd\"><\/div><\/div><\/header>[vc_empty_space height=&#8221;20px&#8221;][vc_masonry_grid post_type=&#8221;portfolio&#8221; max_items=&#8221;-1&#8243; element_width=&#8221;3&#8243; grid_id=&#8221;vc_gid:1631275036474-1f066c04-f953-1&#8243; taxonomies=&#8221;80&#8243; el_class=&#8221;portfolio-categoryitem&#8221;][\/vc_column][\/vc_row][vc_row][vc_column][vc_empty_space height=&#8221;25px&#8221;]<header class=\"kd-section-title col-lg-12 text-center    \" ><h2 class=\"separator_off\" >Want solutions? Contact us!<\/h2><\/header>[vc_empty_space height=&#8221;25px&#8221;]<a  href=\"https:\/\/www.deltae.ee\/en\/contact\/\"  target=\"_self\"  title=\"\" class=\"tt_button    button-center  \" ><span class=\"prim_text\">Contact us<\/span><span class=\" iconita\"><\/span><\/a>[vc_empty_space height=&#8221;25px&#8221;][\/vc_column][\/vc_row]<\/p>\n<\/div>","protected":false},"excerpt":{"rendered":"<p>[vc_row full_width=&#8221;stretch_row&#8221; content_placement=&#8221;middle&#8221; css=&#8221;.vc_custom_1603023210285{padding-top: 3% !important;padding-bottom: 1% !important;}&#8221;][vc_column width=&#8221;1\/2&#8243;][vc_column_text]Maintenance service \u2013 activities and works for physical preservation of the buildings that are part of the immovable, ensuring [&hellip;]<\/p>\n","protected":false},"author":11,"featured_media":30557,"parent":30537,"menu_order":0,"comment_status":"closed","ping_status":"closed","template":"","meta":{"_acf_changed":false,"inline_featured_image":false,"footnotes":""},"class_list":["post-32998","page","type-page","status-publish","has-post-thumbnail","hentry"],"acf":[],"yoast_head":"<!-- This site is optimized with the Yoast SEO Premium plugin v27.3 (Yoast SEO v27.4) - https:\/\/yoast.com\/product\/yoast-seo-premium-wordpress\/ -->\n<title>Maintenance | DeltaE<\/title>\n<meta name=\"description\" content=\"Suru\u00f5hu s\u00fcsteemides on v\u00f5imalik saavutada m\u00e4rkimisv\u00e4\u00e4rset energia kokkuhoidu. Professionaalse suru\u00f5hu auditi eesm\u00e4rk on kaardistada k\u00f5ik suru\u00f5hus\u00fcsteemi probleemsed kohad ning leida k\u00f5ik v\u00f5imalikud lahendused.\" \/>\n<meta name=\"robots\" content=\"index, follow, max-snippet:-1, max-image-preview:large, max-video-preview:-1\" \/>\n<link rel=\"canonical\" href=\"https:\/\/www.deltae.ee\/en\/hvac\/maintenance\/\" \/>\n<meta property=\"og:locale\" content=\"en_US\" \/>\n<meta property=\"og:type\" content=\"article\" \/>\n<meta property=\"og:title\" content=\"Maintenance | DeltaE\" \/>\n<meta property=\"og:description\" content=\"Suru\u00f5hu s\u00fcsteemides on v\u00f5imalik saavutada m\u00e4rkimisv\u00e4\u00e4rset energia kokkuhoidu. Professionaalse suru\u00f5hu auditi eesm\u00e4rk on kaardistada k\u00f5ik suru\u00f5hus\u00fcsteemi probleemsed kohad ning leida k\u00f5ik v\u00f5imalikud lahendused.\" \/>\n<meta property=\"og:url\" content=\"https:\/\/www.deltae.ee\/en\/hvac\/maintenance\/\" \/>\n<meta property=\"og:site_name\" content=\"DeltaE\" \/>\n<meta property=\"article:publisher\" content=\"https:\/\/www.facebook.com\/DeltaEInsenerid\" \/>\n<meta property=\"article:modified_time\" content=\"2021-09-10T12:01:24+00:00\" \/>\n<meta property=\"og:image\" content=\"https:\/\/www.deltae.ee\/wp-content\/uploads\/2020\/05\/suruohk-ja-toostuslahendused-ettevottele.jpg\" \/>\n\t<meta property=\"og:image:width\" content=\"590\" \/>\n\t<meta property=\"og:image:height\" content=\"390\" \/>\n\t<meta property=\"og:image:type\" content=\"image\/jpeg\" \/>\n<meta name=\"twitter:card\" content=\"summary_large_image\" \/>\n<script type=\"application\/ld+json\" class=\"yoast-schema-graph\">{\"@context\":\"https:\\\/\\\/schema.org\",\"@graph\":[{\"@type\":\"WebPage\",\"@id\":\"https:\\\/\\\/www.deltae.ee\\\/en\\\/hvac\\\/maintenance\\\/\",\"url\":\"https:\\\/\\\/www.deltae.ee\\\/en\\\/hvac\\\/maintenance\\\/\",\"name\":\"Maintenance | DeltaE\",\"isPartOf\":{\"@id\":\"https:\\\/\\\/www.deltae.ee\\\/en\\\/#website\"},\"primaryImageOfPage\":{\"@id\":\"https:\\\/\\\/www.deltae.ee\\\/en\\\/hvac\\\/maintenance\\\/#primaryimage\"},\"image\":{\"@id\":\"https:\\\/\\\/www.deltae.ee\\\/en\\\/hvac\\\/maintenance\\\/#primaryimage\"},\"thumbnailUrl\":\"https:\\\/\\\/www.deltae.ee\\\/wp-content\\\/uploads\\\/2020\\\/05\\\/suruohk-ja-toostuslahendused-ettevottele.jpg\",\"datePublished\":\"2020-10-18T12:16:38+00:00\",\"dateModified\":\"2021-09-10T12:01:24+00:00\",\"description\":\"Suru\u00f5hu s\u00fcsteemides on v\u00f5imalik saavutada m\u00e4rkimisv\u00e4\u00e4rset energia kokkuhoidu. Professionaalse suru\u00f5hu auditi eesm\u00e4rk on kaardistada k\u00f5ik suru\u00f5hus\u00fcsteemi probleemsed kohad ning leida k\u00f5ik v\u00f5imalikud lahendused.\",\"breadcrumb\":{\"@id\":\"https:\\\/\\\/www.deltae.ee\\\/en\\\/hvac\\\/maintenance\\\/#breadcrumb\"},\"inLanguage\":\"en-US\",\"potentialAction\":[{\"@type\":\"ReadAction\",\"target\":[\"https:\\\/\\\/www.deltae.ee\\\/en\\\/hvac\\\/maintenance\\\/\"]}]},{\"@type\":\"ImageObject\",\"inLanguage\":\"en-US\",\"@id\":\"https:\\\/\\\/www.deltae.ee\\\/en\\\/hvac\\\/maintenance\\\/#primaryimage\",\"url\":\"https:\\\/\\\/www.deltae.ee\\\/wp-content\\\/uploads\\\/2020\\\/05\\\/suruohk-ja-toostuslahendused-ettevottele.jpg\",\"contentUrl\":\"https:\\\/\\\/www.deltae.ee\\\/wp-content\\\/uploads\\\/2020\\\/05\\\/suruohk-ja-toostuslahendused-ettevottele.jpg\",\"width\":590,\"height\":390},{\"@type\":\"BreadcrumbList\",\"@id\":\"https:\\\/\\\/www.deltae.ee\\\/en\\\/hvac\\\/maintenance\\\/#breadcrumb\",\"itemListElement\":[{\"@type\":\"ListItem\",\"position\":1,\"name\":\"Home\",\"item\":\"https:\\\/\\\/www.deltae.ee\\\/en\\\/\"},{\"@type\":\"ListItem\",\"position\":2,\"name\":\"HVAC\",\"item\":\"https:\\\/\\\/www.deltae.ee\\\/en\\\/hvac\\\/\"},{\"@type\":\"ListItem\",\"position\":3,\"name\":\"Maintenance\"}]},{\"@type\":\"WebSite\",\"@id\":\"https:\\\/\\\/www.deltae.ee\\\/en\\\/#website\",\"url\":\"https:\\\/\\\/www.deltae.ee\\\/en\\\/\",\"name\":\"DeltaE\",\"description\":\"Energia s&auml;&auml;stmise terviklahendused Sinu ettev&otilde;ttele\",\"publisher\":{\"@id\":\"https:\\\/\\\/www.deltae.ee\\\/en\\\/#organization\"},\"potentialAction\":[{\"@type\":\"SearchAction\",\"target\":{\"@type\":\"EntryPoint\",\"urlTemplate\":\"https:\\\/\\\/www.deltae.ee\\\/en\\\/?s={search_term_string}\"},\"query-input\":{\"@type\":\"PropertyValueSpecification\",\"valueRequired\":true,\"valueName\":\"search_term_string\"}}],\"inLanguage\":\"en-US\"},{\"@type\":[\"Organization\",\"Place\"],\"@id\":\"https:\\\/\\\/www.deltae.ee\\\/en\\\/#organization\",\"name\":\"DeltaE\",\"url\":\"https:\\\/\\\/www.deltae.ee\\\/en\\\/\",\"logo\":{\"@id\":\"https:\\\/\\\/www.deltae.ee\\\/en\\\/hvac\\\/maintenance\\\/#local-main-organization-logo\"},\"image\":{\"@id\":\"https:\\\/\\\/www.deltae.ee\\\/en\\\/hvac\\\/maintenance\\\/#local-main-organization-logo\"},\"sameAs\":[\"https:\\\/\\\/www.facebook.com\\\/DeltaEInsenerid\",\"https:\\\/\\\/ee.linkedin.com\\\/company\\\/deltae-engineering\"],\"legalName\":\"DeltaE Insenerid O\u00dc\",\"numberOfEmployees\":{\"@type\":\"QuantitativeValue\",\"minValue\":\"11\",\"maxValue\":\"50\"},\"address\":{\"@id\":\"https:\\\/\\\/www.deltae.ee\\\/en\\\/hvac\\\/maintenance\\\/#local-main-place-address\"},\"geo\":{\"@type\":\"GeoCoordinates\",\"latitude\":\"59.400124\",\"longitude\":\"24.6581772\"},\"telephone\":[\"+372 5551 0442\"],\"openingHoursSpecification\":[{\"@type\":\"OpeningHoursSpecification\",\"dayOfWeek\":[\"Monday\",\"Tuesday\",\"Wednesday\",\"Thursday\",\"Friday\",\"Saturday\",\"Sunday\"],\"opens\":\"09:00\",\"closes\":\"17:00\"}],\"email\":\"info@deltae.ee\",\"vatID\":\"EE101617774\"},{\"@type\":\"PostalAddress\",\"@id\":\"https:\\\/\\\/www.deltae.ee\\\/en\\\/hvac\\\/maintenance\\\/#local-main-place-address\",\"streetAddress\":\"M\u00e4ealuse 2\\\/1\",\"addressLocality\":\"Tallinn\",\"postalCode\":\"12618\",\"addressRegion\":\"Harjumaa\",\"addressCountry\":\"EE\"},{\"@type\":\"ImageObject\",\"inLanguage\":\"en-US\",\"@id\":\"https:\\\/\\\/www.deltae.ee\\\/en\\\/hvac\\\/maintenance\\\/#local-main-organization-logo\",\"url\":\"https:\\\/\\\/www.deltae.ee\\\/wp-content\\\/uploads\\\/2019\\\/10\\\/DeltaE-sinine-must_eesti.png\",\"contentUrl\":\"https:\\\/\\\/www.deltae.ee\\\/wp-content\\\/uploads\\\/2019\\\/10\\\/DeltaE-sinine-must_eesti.png\",\"width\":650,\"height\":148,\"caption\":\"DeltaE\"}]}<\/script>\n<meta name=\"geo.placename\" content=\"Tallinn\" \/>\n<meta name=\"geo.position\" content=\"59.400124;24.6581772\" \/>\n<meta name=\"geo.region\" content=\"Estonia\" \/>\n<!-- \/ Yoast SEO Premium plugin. -->","yoast_head_json":{"title":"Maintenance | DeltaE","description":"Suru\u00f5hu s\u00fcsteemides on v\u00f5imalik saavutada m\u00e4rkimisv\u00e4\u00e4rset energia kokkuhoidu. Professionaalse suru\u00f5hu auditi eesm\u00e4rk on kaardistada k\u00f5ik suru\u00f5hus\u00fcsteemi probleemsed kohad ning leida k\u00f5ik v\u00f5imalikud lahendused.","robots":{"index":"index","follow":"follow","max-snippet":"max-snippet:-1","max-image-preview":"max-image-preview:large","max-video-preview":"max-video-preview:-1"},"canonical":"https:\/\/www.deltae.ee\/en\/hvac\/maintenance\/","og_locale":"en_US","og_type":"article","og_title":"Maintenance | DeltaE","og_description":"Suru\u00f5hu s\u00fcsteemides on v\u00f5imalik saavutada m\u00e4rkimisv\u00e4\u00e4rset energia kokkuhoidu. Professionaalse suru\u00f5hu auditi eesm\u00e4rk on kaardistada k\u00f5ik suru\u00f5hus\u00fcsteemi probleemsed kohad ning leida k\u00f5ik v\u00f5imalikud lahendused.","og_url":"https:\/\/www.deltae.ee\/en\/hvac\/maintenance\/","og_site_name":"DeltaE","article_publisher":"https:\/\/www.facebook.com\/DeltaEInsenerid","article_modified_time":"2021-09-10T12:01:24+00:00","og_image":[{"width":590,"height":390,"url":"https:\/\/www.deltae.ee\/wp-content\/uploads\/2020\/05\/suruohk-ja-toostuslahendused-ettevottele.jpg","type":"image\/jpeg"}],"twitter_card":"summary_large_image","schema":{"@context":"https:\/\/schema.org","@graph":[{"@type":"WebPage","@id":"https:\/\/www.deltae.ee\/en\/hvac\/maintenance\/","url":"https:\/\/www.deltae.ee\/en\/hvac\/maintenance\/","name":"Maintenance | DeltaE","isPartOf":{"@id":"https:\/\/www.deltae.ee\/en\/#website"},"primaryImageOfPage":{"@id":"https:\/\/www.deltae.ee\/en\/hvac\/maintenance\/#primaryimage"},"image":{"@id":"https:\/\/www.deltae.ee\/en\/hvac\/maintenance\/#primaryimage"},"thumbnailUrl":"https:\/\/www.deltae.ee\/wp-content\/uploads\/2020\/05\/suruohk-ja-toostuslahendused-ettevottele.jpg","datePublished":"2020-10-18T12:16:38+00:00","dateModified":"2021-09-10T12:01:24+00:00","description":"Suru\u00f5hu s\u00fcsteemides on v\u00f5imalik saavutada m\u00e4rkimisv\u00e4\u00e4rset energia kokkuhoidu. Professionaalse suru\u00f5hu auditi eesm\u00e4rk on kaardistada k\u00f5ik suru\u00f5hus\u00fcsteemi probleemsed kohad ning leida k\u00f5ik v\u00f5imalikud lahendused.","breadcrumb":{"@id":"https:\/\/www.deltae.ee\/en\/hvac\/maintenance\/#breadcrumb"},"inLanguage":"en-US","potentialAction":[{"@type":"ReadAction","target":["https:\/\/www.deltae.ee\/en\/hvac\/maintenance\/"]}]},{"@type":"ImageObject","inLanguage":"en-US","@id":"https:\/\/www.deltae.ee\/en\/hvac\/maintenance\/#primaryimage","url":"https:\/\/www.deltae.ee\/wp-content\/uploads\/2020\/05\/suruohk-ja-toostuslahendused-ettevottele.jpg","contentUrl":"https:\/\/www.deltae.ee\/wp-content\/uploads\/2020\/05\/suruohk-ja-toostuslahendused-ettevottele.jpg","width":590,"height":390},{"@type":"BreadcrumbList","@id":"https:\/\/www.deltae.ee\/en\/hvac\/maintenance\/#breadcrumb","itemListElement":[{"@type":"ListItem","position":1,"name":"Home","item":"https:\/\/www.deltae.ee\/en\/"},{"@type":"ListItem","position":2,"name":"HVAC","item":"https:\/\/www.deltae.ee\/en\/hvac\/"},{"@type":"ListItem","position":3,"name":"Maintenance"}]},{"@type":"WebSite","@id":"https:\/\/www.deltae.ee\/en\/#website","url":"https:\/\/www.deltae.ee\/en\/","name":"DeltaE","description":"Energia s&auml;&auml;stmise terviklahendused Sinu ettev&otilde;ttele","publisher":{"@id":"https:\/\/www.deltae.ee\/en\/#organization"},"potentialAction":[{"@type":"SearchAction","target":{"@type":"EntryPoint","urlTemplate":"https:\/\/www.deltae.ee\/en\/?s={search_term_string}"},"query-input":{"@type":"PropertyValueSpecification","valueRequired":true,"valueName":"search_term_string"}}],"inLanguage":"en-US"},{"@type":["Organization","Place"],"@id":"https:\/\/www.deltae.ee\/en\/#organization","name":"DeltaE","url":"https:\/\/www.deltae.ee\/en\/","logo":{"@id":"https:\/\/www.deltae.ee\/en\/hvac\/maintenance\/#local-main-organization-logo"},"image":{"@id":"https:\/\/www.deltae.ee\/en\/hvac\/maintenance\/#local-main-organization-logo"},"sameAs":["https:\/\/www.facebook.com\/DeltaEInsenerid","https:\/\/ee.linkedin.com\/company\/deltae-engineering"],"legalName":"DeltaE Insenerid O\u00dc","numberOfEmployees":{"@type":"QuantitativeValue","minValue":"11","maxValue":"50"},"address":{"@id":"https:\/\/www.deltae.ee\/en\/hvac\/maintenance\/#local-main-place-address"},"geo":{"@type":"GeoCoordinates","latitude":"59.400124","longitude":"24.6581772"},"telephone":["+372 5551 0442"],"openingHoursSpecification":[{"@type":"OpeningHoursSpecification","dayOfWeek":["Monday","Tuesday","Wednesday","Thursday","Friday","Saturday","Sunday"],"opens":"09:00","closes":"17:00"}],"email":"info@deltae.ee","vatID":"EE101617774"},{"@type":"PostalAddress","@id":"https:\/\/www.deltae.ee\/en\/hvac\/maintenance\/#local-main-place-address","streetAddress":"M\u00e4ealuse 2\/1","addressLocality":"Tallinn","postalCode":"12618","addressRegion":"Harjumaa","addressCountry":"EE"},{"@type":"ImageObject","inLanguage":"en-US","@id":"https:\/\/www.deltae.ee\/en\/hvac\/maintenance\/#local-main-organization-logo","url":"https:\/\/www.deltae.ee\/wp-content\/uploads\/2019\/10\/DeltaE-sinine-must_eesti.png","contentUrl":"https:\/\/www.deltae.ee\/wp-content\/uploads\/2019\/10\/DeltaE-sinine-must_eesti.png","width":650,"height":148,"caption":"DeltaE"}]},"geo.placename":"Tallinn","geo.position":{"lat":"59.400124","long":"24.6581772"},"geo.region":"Estonia"},"_links":{"self":[{"href":"https:\/\/www.deltae.ee\/en\/wp-json\/wp\/v2\/pages\/32998","targetHints":{"allow":["GET"]}}],"collection":[{"href":"https:\/\/www.deltae.ee\/en\/wp-json\/wp\/v2\/pages"}],"about":[{"href":"https:\/\/www.deltae.ee\/en\/wp-json\/wp\/v2\/types\/page"}],"author":[{"embeddable":true,"href":"https:\/\/www.deltae.ee\/en\/wp-json\/wp\/v2\/users\/11"}],"replies":[{"embeddable":true,"href":"https:\/\/www.deltae.ee\/en\/wp-json\/wp\/v2\/comments?post=32998"}],"version-history":[{"count":0,"href":"https:\/\/www.deltae.ee\/en\/wp-json\/wp\/v2\/pages\/32998\/revisions"}],"up":[{"embeddable":true,"href":"https:\/\/www.deltae.ee\/en\/wp-json\/wp\/v2\/pages\/30537"}],"wp:featuredmedia":[{"embeddable":true,"href":"https:\/\/www.deltae.ee\/en\/wp-json\/wp\/v2\/media\/30557"}],"wp:attachment":[{"href":"https:\/\/www.deltae.ee\/en\/wp-json\/wp\/v2\/media?parent=32998"}],"curies":[{"name":"wp","href":"https:\/\/api.w.org\/{rel}","templated":true}]}}