{"id":33038,"date":"2020-10-07T13:53:39","date_gmt":"2020-10-07T13:53:39","guid":{"rendered":"https:\/\/www.deltae.ee\/measuring\/mootmissusteemide-ehitus\/"},"modified":"2021-09-28T08:58:20","modified_gmt":"2021-09-28T08:58:20","slug":"construction-of-measurement-systems","status":"publish","type":"page","link":"https:\/\/www.deltae.ee\/en\/measuring\/construction-of-measurement-systems\/","title":{"rendered":"Construction of measurement systems"},"content":{"rendered":"<div class=\"wpb-content-wrapper\"><p>[vc_row full_width=&#8221;stretch_row&#8221; css=&#8221;.vc_custom_1589998827986{padding-top: 3% !important;padding-bottom: 1% !important;}&#8221;][vc_column width=&#8221;1\/2&#8243;]<header class=\"kd-section-title col-lg-12 text-left solid-line sep-border-width-2 130px   \" ><h1 class=\"separator_on\" >Construction of measuring systems<\/h1><div class=\"kd-separator below_title\" style=\"width:130px;\"><div class=\"kd-separator-line\" style=\"border-color:#20e4fd\"><\/div><\/div><\/header>[vc_column_text]<span style=\"font-weight: 400;\">If a <\/span><b>project has been prepared<\/b><span style=\"font-weight: 400;\"> for the measurement system or it is <\/span><b>a simpler solution<\/b><span style=\"font-weight: 400;\">, where it is not necessary to prepare a previous project, the construction of the system can be started after signing the contract.<\/span><\/p>\n<p><span style=\"font-weight: 400;\">The process begins with ordering the necessary material and inspecting the installers to specify the nature of the installation, if necessary. Once the devices are present, the installing of them can be started and the measurement network built. After installing the equipment, a central unit must be installed, after which the system can be set up. Equipment installation and system configuration can also take place in parallel.<\/span><\/p>\n<p><span style=\"font-weight: 400;\">The process ends with the allocation of accesses, data visualization, integration of environments, remote reading service and use of the system.<\/span>[\/vc_column_text][\/vc_column][vc_column width=&#8221;1\/2&#8243;][vc_single_image image=&#8221;33039&#8243; img_size=&#8221;750&#215;1000&#8243;][\/vc_column][\/vc_row][vc_row full_width=&#8221;stretch_row&#8221; gap=&#8221;10&#8243; equal_height=&#8221;yes&#8221; rtl_reverse=&#8221;yes&#8221; content_placement=&#8221;middle&#8221; css=&#8221;.vc_custom_1590000566661{margin-top: 2% !important;margin-bottom: 2% !important;background-position: 0 0 !important;background-repeat: no-repeat !important;}&#8221;][vc_column width=&#8221;1\/2&#8243;][vc_single_image image=&#8221;33041&#8243; img_size=&#8221;500&#215;300&#8243; alignment=&#8221;center&#8221; css=&#8221;.vc_custom_1603030495311{margin-bottom: 0px !important;}&#8221;][\/vc_column][vc_column width=&#8221;1\/2&#8243;][vc_column_text]<b>Building process<\/b><\/p>\n<ul>\n<li style=\"font-weight: 400;\" aria-level=\"1\"><span style=\"font-weight: 400;\">Signing a contract.<\/span><\/li>\n<li style=\"font-weight: 400;\" aria-level=\"1\"><span style=\"font-weight: 400;\">Delivery of materials.<\/span><\/li>\n<li style=\"font-weight: 400;\" aria-level=\"1\"><span style=\"font-weight: 400;\">Measurement network construction and equipment installation.<\/span><\/li>\n<li style=\"font-weight: 400;\" aria-level=\"1\"><span style=\"font-weight: 400;\">System configuration.<\/span><\/li>\n<li style=\"font-weight: 400;\" aria-level=\"1\"><span style=\"font-weight: 400;\">Preparation of enforcement documentation.<\/span><\/li>\n<li style=\"font-weight: 400;\" aria-level=\"1\"><span style=\"font-weight: 400;\">Data visualization and integration of environments.<\/span><\/li>\n<li style=\"font-weight: 400;\" aria-level=\"1\"><span style=\"font-weight: 400;\">Remote reading service.<\/span><\/li>\n<\/ul>\n<p>[\/vc_column_text][\/vc_column][\/vc_row][vc_row full_width=&#8221;stretch_row&#8221; gap=&#8221;10&#8243; equal_height=&#8221;yes&#8221; rtl_reverse=&#8221;yes&#8221; content_placement=&#8221;middle&#8221; css=&#8221;.vc_custom_1590000566661{margin-top: 2% !important;margin-bottom: 2% !important;background-position: 0 0 !important;background-repeat: no-repeat !important;}&#8221;][vc_column width=&#8221;1\/2&#8243;][vc_column_text]<b>Selection of the equipment<\/b><span style=\"font-weight: 400;\"> and capability play a key role!<\/span><\/p>\n<ul>\n<li><span style=\"font-weight: 400;\">Meters: heat, electricity, water, gas meters, indoor climate loggers, etc.<\/span><\/li>\n<li><span style=\"font-weight: 400;\">Protocols: pulse, M-Bus, Wireless M-Bus, Modbus RS485, Wireless Modbus, Sigfox, LoRa, Bacnet, BMS, etc.<\/span><\/li>\n<li><span style=\"font-weight: 400;\">Abundance of parameters: reading, current, instantaneous power, temperatures, currents, voltages, frequency, active and reactive energy, harmonics, etc.<\/span><\/li>\n<li><span style=\"font-weight: 400;\">Wired or wireless solution.<\/span><\/li>\n<li><span style=\"font-weight: 400;\">Compatibility of the factory settings of the meters with the remote reading system.<\/span><\/li>\n<li><span style=\"font-weight: 400;\">Software solutions used and integration with the measurement system: data in tabular form, EMS software, accounting software, BMS system, etc.<\/span><\/li>\n<\/ul>\n<p>[\/vc_column_text][\/vc_column][vc_column width=&#8221;1\/2&#8243;][vc_single_image image=&#8221;33042&#8243; img_size=&#8221;full&#8221; alignment=&#8221;center&#8221; css=&#8221;.vc_custom_1602079322921{margin-bottom: 0px !important;}&#8221;][\/vc_column][\/vc_row][vc_row full_width=&#8221;stretch_row&#8221; gap=&#8221;10&#8243; equal_height=&#8221;yes&#8221; rtl_reverse=&#8221;yes&#8221; content_placement=&#8221;middle&#8221; css=&#8221;.vc_custom_1590000566661{margin-top: 2% !important;margin-bottom: 2% !important;background-position: 0 0 !important;background-repeat: no-repeat !important;}&#8221;][vc_column width=&#8221;1\/2&#8243;][vc_single_image image=&#8221;33043&#8243; img_size=&#8221;500&#215;250&#8243; alignment=&#8221;center&#8221; css=&#8221;.vc_custom_1603030515379{margin-bottom: 0px !important;}&#8221;][\/vc_column][vc_column width=&#8221;1\/2&#8243;][vc_column_text]<span style=\"font-weight: 400;\">The <\/span><b>output <\/b><span style=\"font-weight: 400;\">of the system is a remotely readable metering system, through which data from the meters is collected, transmitted encrypted to the cloud server and stored.<\/span><\/p>\n<p><span style=\"font-weight: 400;\">Basic functionality includes a monthly tabular report with readings and consumption, and access to a remote reading system where the sample can be monitored and retrieved in real time.<\/span>[\/vc_column_text][\/vc_column][\/vc_row][vc_row full_width=&#8221;stretch_row&#8221; gap=&#8221;10&#8243; equal_height=&#8221;yes&#8221; rtl_reverse=&#8221;yes&#8221; content_placement=&#8221;middle&#8221; css=&#8221;.vc_custom_1590000566661{margin-top: 2% !important;margin-bottom: 2% !important;background-position: 0 0 !important;background-repeat: no-repeat !important;}&#8221;][vc_column width=&#8221;1\/2&#8243;][vc_column_text]<\/p>\n<p style=\"text-align: justify;\"><span style=\"font-weight: 400;\">Depending on the need, <\/span><b>additional functionality<\/b><span style=\"font-weight: 400;\"> can be implemented by creating a modern visualization to display the data, interfacing the measurement system with a <\/span><b>building automation system <\/b><span style=\"font-weight: 400;\">or <\/span><b>exchanging data with third-party software<\/b><span style=\"font-weight: 400;\">, such as accounting software, <\/span><b>EMS <\/b><span style=\"font-weight: 400;\">(Energy Management System) software or others. We have an interface with <\/span><b>Korto<\/b><span style=\"font-weight: 400;\">, <\/span><b>Hausing <\/b><span style=\"font-weight: 400;\">and <\/span><b>EcoSCADA<\/b><span style=\"font-weight: 400;\"> softwares and we are ready to implement new interfaces. The interface with the <\/span><b>Estfeed <\/b><span style=\"font-weight: 400;\">platform allows to request hourly data on the main electricity consumption in software (data arrival with a delay of up to 48 h).<\/span><\/p>\n<p>[\/vc_column_text][\/vc_column][vc_column width=&#8221;1\/2&#8243;][vc_single_image image=&#8221;33044&#8243; img_size=&#8221;500&#215;250&#8243; alignment=&#8221;center&#8221; css=&#8221;.vc_custom_1603030541860{margin-bottom: 0px !important;}&#8221;][\/vc_column][\/vc_row][vc_row full_width=&#8221;stretch_row&#8221; css=&#8221;.vc_custom_1551187421738{margin-top: 5% !important;margin-bottom: 2% !important;}&#8221;][vc_column][vc_row_inner][vc_column_inner width=&#8221;1\/4&#8243;][\/vc_column_inner][vc_column_inner width=&#8221;1\/2&#8243;]<header class=\"kd-section-title col-lg-12 text-center    \" ><h2 class=\"separator_off\" >Ask for a free consultation!<br \/>\n<\/h2><\/header>[vc_empty_space height=&#8221;25px&#8221;]<a  href=\"https:\/\/www.deltae.ee\/en\/contact\/\"  target=\"_self\"  title=\"\" class=\"tt_button    button-center  \" ><span class=\"prim_text\">Contact us<\/span><span class=\" iconita\"><\/span><\/a>[vc_empty_space height=&#8221;25px&#8221;][\/vc_column_inner][vc_column_inner width=&#8221;1\/4&#8243;][\/vc_column_inner][\/vc_row_inner][\/vc_column][\/vc_row][vc_row css=&#8221;.vc_custom_1549963493599{margin-top: 5% !important;}&#8221;][vc_column]<header class=\"kd-section-title col-lg-12 text-center solid-line sep-border-width-2 130px   \" ><h2 class=\"separator_on\" >References<\/h2><div class=\"kd-separator below_title\" style=\"width:130px;\"><div class=\"kd-separator-line\" style=\"border-color:#20e4fd\"><\/div><\/div><\/header>[vc_empty_space height=&#8221;20px&#8221;][vc_masonry_grid post_type=&#8221;portfolio&#8221; max_items=&#8221;-1&#8243; element_width=&#8221;3&#8243; orderby=&#8221;title&#8221; grid_id=&#8221;vc_gid:1632819127072-74934ee4-f13b-5&#8243; taxonomies=&#8221;45&#8243; el_class=&#8221;portfolio-categoryitem&#8221;][\/vc_column][\/vc_row][vc_row][vc_column][vc_empty_space height=&#8221;25px&#8221;]<header class=\"kd-section-title col-lg-12 text-center    \" ><h2 class=\"separator_off\" >Want solutions? Contact us!<\/h2><\/header>[vc_empty_space height=&#8221;25px&#8221;]<a  href=\"https:\/\/www.deltae.ee\/en\/contact\/\"  target=\"_self\"  title=\"\" class=\"tt_button    button-center  \" ><span class=\"prim_text\">Contact us<\/span><span class=\" iconita\"><\/span><\/a>[vc_empty_space height=&#8221;25px&#8221;][\/vc_column][\/vc_row]<\/p>\n<\/div>","protected":false},"excerpt":{"rendered":"<p>[vc_row full_width=&#8221;stretch_row&#8221; css=&#8221;.vc_custom_1589998827986{padding-top: 3% !important;padding-bottom: 1% !important;}&#8221;][vc_column width=&#8221;1\/2&#8243;][vc_column_text]If a project has been prepared for the measurement system or it is a simpler solution, where it is not [&hellip;]<\/p>\n","protected":false},"author":11,"featured_media":30557,"parent":30543,"menu_order":0,"comment_status":"closed","ping_status":"closed","template":"","meta":{"_acf_changed":false,"inline_featured_image":false,"footnotes":""},"class_list":["post-33038","page","type-page","status-publish","has-post-thumbnail","hentry"],"acf":[],"yoast_head":"<!-- This site is optimized with the Yoast SEO Premium plugin v27.3 (Yoast SEO v27.5) - https:\/\/yoast.com\/product\/yoast-seo-premium-wordpress\/ -->\n<title>Construction of measurement systems | DeltaE<\/title>\n<meta name=\"description\" content=\"Suru\u00f5hu s\u00fcsteemides on v\u00f5imalik saavutada m\u00e4rkimisv\u00e4\u00e4rset energia kokkuhoidu. Professionaalse suru\u00f5hu auditi eesm\u00e4rk on kaardistada k\u00f5ik suru\u00f5hus\u00fcsteemi probleemsed kohad ning leida k\u00f5ik v\u00f5imalikud lahendused.\" \/>\n<meta name=\"robots\" content=\"index, follow, max-snippet:-1, max-image-preview:large, max-video-preview:-1\" \/>\n<link rel=\"canonical\" href=\"https:\/\/www.deltae.ee\/en\/measuring\/construction-of-measurement-systems\/\" \/>\n<meta property=\"og:locale\" content=\"en_US\" \/>\n<meta property=\"og:type\" content=\"article\" \/>\n<meta property=\"og:title\" content=\"Construction of measurement systems | DeltaE\" \/>\n<meta property=\"og:description\" content=\"Suru\u00f5hu s\u00fcsteemides on v\u00f5imalik saavutada m\u00e4rkimisv\u00e4\u00e4rset energia kokkuhoidu. Professionaalse suru\u00f5hu auditi eesm\u00e4rk on kaardistada k\u00f5ik suru\u00f5hus\u00fcsteemi probleemsed kohad ning leida k\u00f5ik v\u00f5imalikud lahendused.\" \/>\n<meta property=\"og:url\" content=\"https:\/\/www.deltae.ee\/en\/measuring\/construction-of-measurement-systems\/\" \/>\n<meta property=\"og:site_name\" content=\"DeltaE\" \/>\n<meta property=\"article:publisher\" content=\"https:\/\/www.facebook.com\/DeltaEInsenerid\" \/>\n<meta property=\"article:modified_time\" content=\"2021-09-28T08:58:20+00:00\" \/>\n<meta property=\"og:image\" content=\"https:\/\/www.deltae.ee\/wp-content\/uploads\/2020\/05\/suruohk-ja-toostuslahendused-ettevottele.jpg\" \/>\n\t<meta property=\"og:image:width\" content=\"590\" \/>\n\t<meta property=\"og:image:height\" content=\"390\" \/>\n\t<meta property=\"og:image:type\" content=\"image\/jpeg\" \/>\n<meta name=\"twitter:card\" content=\"summary_large_image\" \/>\n<script type=\"application\/ld+json\" class=\"yoast-schema-graph\">{\"@context\":\"https:\\\/\\\/schema.org\",\"@graph\":[{\"@type\":\"WebPage\",\"@id\":\"https:\\\/\\\/www.deltae.ee\\\/en\\\/measuring\\\/construction-of-measurement-systems\\\/\",\"url\":\"https:\\\/\\\/www.deltae.ee\\\/en\\\/measuring\\\/construction-of-measurement-systems\\\/\",\"name\":\"Construction of measurement systems | DeltaE\",\"isPartOf\":{\"@id\":\"https:\\\/\\\/www.deltae.ee\\\/en\\\/#website\"},\"primaryImageOfPage\":{\"@id\":\"https:\\\/\\\/www.deltae.ee\\\/en\\\/measuring\\\/construction-of-measurement-systems\\\/#primaryimage\"},\"image\":{\"@id\":\"https:\\\/\\\/www.deltae.ee\\\/en\\\/measuring\\\/construction-of-measurement-systems\\\/#primaryimage\"},\"thumbnailUrl\":\"https:\\\/\\\/www.deltae.ee\\\/wp-content\\\/uploads\\\/2020\\\/05\\\/suruohk-ja-toostuslahendused-ettevottele.jpg\",\"datePublished\":\"2020-10-07T13:53:39+00:00\",\"dateModified\":\"2021-09-28T08:58:20+00:00\",\"description\":\"Suru\u00f5hu s\u00fcsteemides on v\u00f5imalik saavutada m\u00e4rkimisv\u00e4\u00e4rset energia kokkuhoidu. Professionaalse suru\u00f5hu auditi eesm\u00e4rk on kaardistada k\u00f5ik suru\u00f5hus\u00fcsteemi probleemsed kohad ning leida k\u00f5ik v\u00f5imalikud lahendused.\",\"breadcrumb\":{\"@id\":\"https:\\\/\\\/www.deltae.ee\\\/en\\\/measuring\\\/construction-of-measurement-systems\\\/#breadcrumb\"},\"inLanguage\":\"en-US\",\"potentialAction\":[{\"@type\":\"ReadAction\",\"target\":[\"https:\\\/\\\/www.deltae.ee\\\/en\\\/measuring\\\/construction-of-measurement-systems\\\/\"]}]},{\"@type\":\"ImageObject\",\"inLanguage\":\"en-US\",\"@id\":\"https:\\\/\\\/www.deltae.ee\\\/en\\\/measuring\\\/construction-of-measurement-systems\\\/#primaryimage\",\"url\":\"https:\\\/\\\/www.deltae.ee\\\/wp-content\\\/uploads\\\/2020\\\/05\\\/suruohk-ja-toostuslahendused-ettevottele.jpg\",\"contentUrl\":\"https:\\\/\\\/www.deltae.ee\\\/wp-content\\\/uploads\\\/2020\\\/05\\\/suruohk-ja-toostuslahendused-ettevottele.jpg\",\"width\":590,\"height\":390},{\"@type\":\"BreadcrumbList\",\"@id\":\"https:\\\/\\\/www.deltae.ee\\\/en\\\/measuring\\\/construction-of-measurement-systems\\\/#breadcrumb\",\"itemListElement\":[{\"@type\":\"ListItem\",\"position\":1,\"name\":\"Home\",\"item\":\"https:\\\/\\\/www.deltae.ee\\\/en\\\/\"},{\"@type\":\"ListItem\",\"position\":2,\"name\":\"Measuring\",\"item\":\"https:\\\/\\\/www.deltae.ee\\\/en\\\/measuring\\\/\"},{\"@type\":\"ListItem\",\"position\":3,\"name\":\"Construction of measurement systems\"}]},{\"@type\":\"WebSite\",\"@id\":\"https:\\\/\\\/www.deltae.ee\\\/en\\\/#website\",\"url\":\"https:\\\/\\\/www.deltae.ee\\\/en\\\/\",\"name\":\"DeltaE\",\"description\":\"Energia s&auml;&auml;stmise terviklahendused Sinu ettev&otilde;ttele\",\"publisher\":{\"@id\":\"https:\\\/\\\/www.deltae.ee\\\/en\\\/#organization\"},\"potentialAction\":[{\"@type\":\"SearchAction\",\"target\":{\"@type\":\"EntryPoint\",\"urlTemplate\":\"https:\\\/\\\/www.deltae.ee\\\/en\\\/?s={search_term_string}\"},\"query-input\":{\"@type\":\"PropertyValueSpecification\",\"valueRequired\":true,\"valueName\":\"search_term_string\"}}],\"inLanguage\":\"en-US\"},{\"@type\":[\"Organization\",\"Place\"],\"@id\":\"https:\\\/\\\/www.deltae.ee\\\/en\\\/#organization\",\"name\":\"DeltaE\",\"url\":\"https:\\\/\\\/www.deltae.ee\\\/en\\\/\",\"logo\":{\"@id\":\"https:\\\/\\\/www.deltae.ee\\\/en\\\/measuring\\\/construction-of-measurement-systems\\\/#local-main-organization-logo\"},\"image\":{\"@id\":\"https:\\\/\\\/www.deltae.ee\\\/en\\\/measuring\\\/construction-of-measurement-systems\\\/#local-main-organization-logo\"},\"sameAs\":[\"https:\\\/\\\/www.facebook.com\\\/DeltaEInsenerid\",\"https:\\\/\\\/ee.linkedin.com\\\/company\\\/deltae-engineering\"],\"legalName\":\"DeltaE Insenerid O\u00dc\",\"numberOfEmployees\":{\"@type\":\"QuantitativeValue\",\"minValue\":\"11\",\"maxValue\":\"50\"},\"address\":{\"@id\":\"https:\\\/\\\/www.deltae.ee\\\/en\\\/measuring\\\/construction-of-measurement-systems\\\/#local-main-place-address\"},\"geo\":{\"@type\":\"GeoCoordinates\",\"latitude\":\"59.400124\",\"longitude\":\"24.6581772\"},\"telephone\":[\"+372 5551 0442\"],\"openingHoursSpecification\":[{\"@type\":\"OpeningHoursSpecification\",\"dayOfWeek\":[\"Monday\",\"Tuesday\",\"Wednesday\",\"Thursday\",\"Friday\",\"Saturday\",\"Sunday\"],\"opens\":\"09:00\",\"closes\":\"17:00\"}],\"email\":\"info@deltae.ee\",\"vatID\":\"EE101617774\"},{\"@type\":\"PostalAddress\",\"@id\":\"https:\\\/\\\/www.deltae.ee\\\/en\\\/measuring\\\/construction-of-measurement-systems\\\/#local-main-place-address\",\"streetAddress\":\"M\u00e4ealuse 2\\\/1\",\"addressLocality\":\"Tallinn\",\"postalCode\":\"12618\",\"addressRegion\":\"Harjumaa\",\"addressCountry\":\"EE\"},{\"@type\":\"ImageObject\",\"inLanguage\":\"en-US\",\"@id\":\"https:\\\/\\\/www.deltae.ee\\\/en\\\/measuring\\\/construction-of-measurement-systems\\\/#local-main-organization-logo\",\"url\":\"https:\\\/\\\/www.deltae.ee\\\/wp-content\\\/uploads\\\/2019\\\/10\\\/DeltaE-sinine-must_eesti.png\",\"contentUrl\":\"https:\\\/\\\/www.deltae.ee\\\/wp-content\\\/uploads\\\/2019\\\/10\\\/DeltaE-sinine-must_eesti.png\",\"width\":650,\"height\":148,\"caption\":\"DeltaE\"}]}<\/script>\n<meta name=\"geo.placename\" content=\"Tallinn\" \/>\n<meta name=\"geo.position\" content=\"59.400124;24.6581772\" \/>\n<meta name=\"geo.region\" content=\"Estonia\" \/>\n<!-- \/ Yoast SEO Premium plugin. -->","yoast_head_json":{"title":"Construction of measurement systems | DeltaE","description":"Suru\u00f5hu s\u00fcsteemides on v\u00f5imalik saavutada m\u00e4rkimisv\u00e4\u00e4rset energia kokkuhoidu. Professionaalse suru\u00f5hu auditi eesm\u00e4rk on kaardistada k\u00f5ik suru\u00f5hus\u00fcsteemi probleemsed kohad ning leida k\u00f5ik v\u00f5imalikud lahendused.","robots":{"index":"index","follow":"follow","max-snippet":"max-snippet:-1","max-image-preview":"max-image-preview:large","max-video-preview":"max-video-preview:-1"},"canonical":"https:\/\/www.deltae.ee\/en\/measuring\/construction-of-measurement-systems\/","og_locale":"en_US","og_type":"article","og_title":"Construction of measurement systems | DeltaE","og_description":"Suru\u00f5hu s\u00fcsteemides on v\u00f5imalik saavutada m\u00e4rkimisv\u00e4\u00e4rset energia kokkuhoidu. Professionaalse suru\u00f5hu auditi eesm\u00e4rk on kaardistada k\u00f5ik suru\u00f5hus\u00fcsteemi probleemsed kohad ning leida k\u00f5ik v\u00f5imalikud lahendused.","og_url":"https:\/\/www.deltae.ee\/en\/measuring\/construction-of-measurement-systems\/","og_site_name":"DeltaE","article_publisher":"https:\/\/www.facebook.com\/DeltaEInsenerid","article_modified_time":"2021-09-28T08:58:20+00:00","og_image":[{"width":590,"height":390,"url":"https:\/\/www.deltae.ee\/wp-content\/uploads\/2020\/05\/suruohk-ja-toostuslahendused-ettevottele.jpg","type":"image\/jpeg"}],"twitter_card":"summary_large_image","schema":{"@context":"https:\/\/schema.org","@graph":[{"@type":"WebPage","@id":"https:\/\/www.deltae.ee\/en\/measuring\/construction-of-measurement-systems\/","url":"https:\/\/www.deltae.ee\/en\/measuring\/construction-of-measurement-systems\/","name":"Construction of measurement systems | DeltaE","isPartOf":{"@id":"https:\/\/www.deltae.ee\/en\/#website"},"primaryImageOfPage":{"@id":"https:\/\/www.deltae.ee\/en\/measuring\/construction-of-measurement-systems\/#primaryimage"},"image":{"@id":"https:\/\/www.deltae.ee\/en\/measuring\/construction-of-measurement-systems\/#primaryimage"},"thumbnailUrl":"https:\/\/www.deltae.ee\/wp-content\/uploads\/2020\/05\/suruohk-ja-toostuslahendused-ettevottele.jpg","datePublished":"2020-10-07T13:53:39+00:00","dateModified":"2021-09-28T08:58:20+00:00","description":"Suru\u00f5hu s\u00fcsteemides on v\u00f5imalik saavutada m\u00e4rkimisv\u00e4\u00e4rset energia kokkuhoidu. Professionaalse suru\u00f5hu auditi eesm\u00e4rk on kaardistada k\u00f5ik suru\u00f5hus\u00fcsteemi probleemsed kohad ning leida k\u00f5ik v\u00f5imalikud lahendused.","breadcrumb":{"@id":"https:\/\/www.deltae.ee\/en\/measuring\/construction-of-measurement-systems\/#breadcrumb"},"inLanguage":"en-US","potentialAction":[{"@type":"ReadAction","target":["https:\/\/www.deltae.ee\/en\/measuring\/construction-of-measurement-systems\/"]}]},{"@type":"ImageObject","inLanguage":"en-US","@id":"https:\/\/www.deltae.ee\/en\/measuring\/construction-of-measurement-systems\/#primaryimage","url":"https:\/\/www.deltae.ee\/wp-content\/uploads\/2020\/05\/suruohk-ja-toostuslahendused-ettevottele.jpg","contentUrl":"https:\/\/www.deltae.ee\/wp-content\/uploads\/2020\/05\/suruohk-ja-toostuslahendused-ettevottele.jpg","width":590,"height":390},{"@type":"BreadcrumbList","@id":"https:\/\/www.deltae.ee\/en\/measuring\/construction-of-measurement-systems\/#breadcrumb","itemListElement":[{"@type":"ListItem","position":1,"name":"Home","item":"https:\/\/www.deltae.ee\/en\/"},{"@type":"ListItem","position":2,"name":"Measuring","item":"https:\/\/www.deltae.ee\/en\/measuring\/"},{"@type":"ListItem","position":3,"name":"Construction of measurement systems"}]},{"@type":"WebSite","@id":"https:\/\/www.deltae.ee\/en\/#website","url":"https:\/\/www.deltae.ee\/en\/","name":"DeltaE","description":"Energia s&auml;&auml;stmise terviklahendused Sinu ettev&otilde;ttele","publisher":{"@id":"https:\/\/www.deltae.ee\/en\/#organization"},"potentialAction":[{"@type":"SearchAction","target":{"@type":"EntryPoint","urlTemplate":"https:\/\/www.deltae.ee\/en\/?s={search_term_string}"},"query-input":{"@type":"PropertyValueSpecification","valueRequired":true,"valueName":"search_term_string"}}],"inLanguage":"en-US"},{"@type":["Organization","Place"],"@id":"https:\/\/www.deltae.ee\/en\/#organization","name":"DeltaE","url":"https:\/\/www.deltae.ee\/en\/","logo":{"@id":"https:\/\/www.deltae.ee\/en\/measuring\/construction-of-measurement-systems\/#local-main-organization-logo"},"image":{"@id":"https:\/\/www.deltae.ee\/en\/measuring\/construction-of-measurement-systems\/#local-main-organization-logo"},"sameAs":["https:\/\/www.facebook.com\/DeltaEInsenerid","https:\/\/ee.linkedin.com\/company\/deltae-engineering"],"legalName":"DeltaE Insenerid O\u00dc","numberOfEmployees":{"@type":"QuantitativeValue","minValue":"11","maxValue":"50"},"address":{"@id":"https:\/\/www.deltae.ee\/en\/measuring\/construction-of-measurement-systems\/#local-main-place-address"},"geo":{"@type":"GeoCoordinates","latitude":"59.400124","longitude":"24.6581772"},"telephone":["+372 5551 0442"],"openingHoursSpecification":[{"@type":"OpeningHoursSpecification","dayOfWeek":["Monday","Tuesday","Wednesday","Thursday","Friday","Saturday","Sunday"],"opens":"09:00","closes":"17:00"}],"email":"info@deltae.ee","vatID":"EE101617774"},{"@type":"PostalAddress","@id":"https:\/\/www.deltae.ee\/en\/measuring\/construction-of-measurement-systems\/#local-main-place-address","streetAddress":"M\u00e4ealuse 2\/1","addressLocality":"Tallinn","postalCode":"12618","addressRegion":"Harjumaa","addressCountry":"EE"},{"@type":"ImageObject","inLanguage":"en-US","@id":"https:\/\/www.deltae.ee\/en\/measuring\/construction-of-measurement-systems\/#local-main-organization-logo","url":"https:\/\/www.deltae.ee\/wp-content\/uploads\/2019\/10\/DeltaE-sinine-must_eesti.png","contentUrl":"https:\/\/www.deltae.ee\/wp-content\/uploads\/2019\/10\/DeltaE-sinine-must_eesti.png","width":650,"height":148,"caption":"DeltaE"}]},"geo.placename":"Tallinn","geo.position":{"lat":"59.400124","long":"24.6581772"},"geo.region":"Estonia"},"_links":{"self":[{"href":"https:\/\/www.deltae.ee\/en\/wp-json\/wp\/v2\/pages\/33038","targetHints":{"allow":["GET"]}}],"collection":[{"href":"https:\/\/www.deltae.ee\/en\/wp-json\/wp\/v2\/pages"}],"about":[{"href":"https:\/\/www.deltae.ee\/en\/wp-json\/wp\/v2\/types\/page"}],"author":[{"embeddable":true,"href":"https:\/\/www.deltae.ee\/en\/wp-json\/wp\/v2\/users\/11"}],"replies":[{"embeddable":true,"href":"https:\/\/www.deltae.ee\/en\/wp-json\/wp\/v2\/comments?post=33038"}],"version-history":[{"count":0,"href":"https:\/\/www.deltae.ee\/en\/wp-json\/wp\/v2\/pages\/33038\/revisions"}],"up":[{"embeddable":true,"href":"https:\/\/www.deltae.ee\/en\/wp-json\/wp\/v2\/pages\/30543"}],"wp:featuredmedia":[{"embeddable":true,"href":"https:\/\/www.deltae.ee\/en\/wp-json\/wp\/v2\/media\/30557"}],"wp:attachment":[{"href":"https:\/\/www.deltae.ee\/en\/wp-json\/wp\/v2\/media?parent=33038"}],"curies":[{"name":"wp","href":"https:\/\/api.w.org\/{rel}","templated":true}]}}