{"id":33331,"date":"2020-05-20T12:11:20","date_gmt":"2020-05-20T12:11:20","guid":{"rendered":"https:\/\/www.deltae.ee\/compressedair\/suruohu-audit\/"},"modified":"2021-10-05T14:13:58","modified_gmt":"2021-10-05T14:13:58","slug":"compressed-air-audit","status":"publish","type":"page","link":"https:\/\/www.deltae.ee\/en\/compressedair\/compressed-air-audit\/","title":{"rendered":"Compressed air audit"},"content":{"rendered":"<div class=\"wpb-content-wrapper\"><p>[vc_row full_width=&#8221;stretch_row&#8221; css=&#8221;.vc_custom_1589998827986{padding-top: 3% !important;padding-bottom: 1% !important;}&#8221;][vc_column width=&#8221;1\/2&#8243;]<header class=\"kd-section-title col-lg-12 text-left solid-line sep-border-width-2 130px   \" ><h1 class=\"separator_on\" >Compressed air audit<\/h1><div class=\"kd-separator below_title\" style=\"width:130px;\"><div class=\"kd-separator-line\" style=\"border-color:#20e4fd\"><\/div><\/div><\/header>[vc_column_text]<span style=\"font-weight: 400;\">Compressed air systems can achieve significant energy savings by using modern monitoring and control systems but also by implementing simple solutions.<\/span>[\/vc_column_text][vc_column_text]<\/p>\n<p style=\"text-align: justify;\"><span style=\"font-weight: 400;\">The purpose of a professional compressed air audit is to map all problem areas of the compressed air system and find all possible solutions. To this end, a detailed inspection is carried out to identify problem areas that go otherwise unnoticed.<\/span><\/p>\n<p>[\/vc_column_text][vc_column_text]<span style=\"font-weight: 400;\">The end result of the audit is to present possible solutions to the problems that have arisen and how to deal with lower costs. The results are presented to the company as a document with detailed expense numbers and payback periods.<\/span>[\/vc_column_text][\/vc_column][vc_column width=&#8221;1\/2&#8243;][vc_empty_space height=&#8221;64px&#8221;][vc_single_image image=&#8221;30561&#8243; img_size=&#8221;1500&#215;1250&#8243;][\/vc_column][\/vc_row][vc_row][vc_column][vc_empty_space]<header class=\"kd-section-title col-lg-12 text-center solid-line sep-border-width-2 130px   \" ><h3 class=\"separator_on\" >Stages of compiling a compressed air audit<\/h3><div class=\"kd-separator below_title\" style=\"width:130px;\"><div class=\"kd-separator-line\" style=\"border-color:#20e4fd\"><\/div><\/div><\/header>[vc_single_image image=&#8221;33338&#8243; img_size=&#8221;full&#8221;][vc_empty_space][\/vc_column][\/vc_row][vc_row full_width=&#8221;stretch_row&#8221; gap=&#8221;10&#8243; equal_height=&#8221;yes&#8221; rtl_reverse=&#8221;yes&#8221; content_placement=&#8221;middle&#8221; css=&#8221;.vc_custom_1590000566661{margin-top: 2% !important;margin-bottom: 2% !important;background-position: 0 0 !important;background-repeat: no-repeat !important;}&#8221;][vc_column width=&#8221;1\/2&#8243;][vc_single_image image=&#8221;30557&#8243; img_size=&#8221;full&#8221; alignment=&#8221;center&#8221; css=&#8221;.vc_custom_1589973242496{margin-bottom: 0px !important;}&#8221;][\/vc_column][vc_column width=&#8221;1\/2&#8243;][vc_column_text]<\/p>\n<h6><strong>Topics covered by the audit<\/strong><\/h6>\n<ul>\n<li>\n<h6><span style=\"font-weight: 400;\">Leaks and evaluation of their elimination<\/span><\/h6>\n<\/li>\n<li>\n<h6><span style=\"font-weight: 400;\">Possible changes to the system<\/span><\/h6>\n<\/li>\n<li>\n<h6><span style=\"font-weight: 400;\">Compressor heat recovery<\/span><\/h6>\n<\/li>\n<li>\n<h6><span style=\"font-weight: 400;\">Pneumatics optimization<\/span><\/h6>\n<\/li>\n<li>\n<h6><span style=\"font-weight: 400;\">System-wide energy consumption<\/span><\/h6>\n<\/li>\n<li>\n<h6><span style=\"font-weight: 400;\">General overview of the system<\/span><\/h6>\n<\/li>\n<li>\n<h6><span style=\"font-weight: 400;\">Compressed air storage<\/span><\/h6>\n<\/li>\n<li>\n<h6><span style=\"font-weight: 400;\">Pressure adjustment<\/span><\/h6>\n<\/li>\n<li>\n<h6><span style=\"font-weight: 400;\">Route condition<\/span><\/h6>\n<\/li>\n<li>\n<h6><span style=\"font-weight: 400;\">Pressure drops<\/span><\/h6>\n<\/li>\n<\/ul>\n<p>[\/vc_column_text][\/vc_column][\/vc_row][vc_row full_width=&#8221;stretch_row&#8221; gap=&#8221;10&#8243; equal_height=&#8221;yes&#8221; content_placement=&#8221;middle&#8221; css=&#8221;.vc_custom_1590000543994{margin-top: 2% !important;margin-bottom: 2% !important;background-position: 0 0 !important;background-repeat: no-repeat !important;}&#8221;][vc_column width=&#8221;1\/2&#8243;]<header class=\"kd-section-title col-lg-12 text-center    \" ><h2 class=\"separator_off\" >Order an audit for your company<\/h2><\/header>[vc_empty_space height=&#8221;25px&#8221;]<a  href=\"https:\/\/www.deltae.ee\/en\/contact\/\"  target=\"_blank\"  title=\"\" class=\"tt_button    button-center  \" ><span class=\"prim_text\">Contact us<\/span><span class=\" iconita\"><\/span><\/a>[\/vc_column][vc_column width=&#8221;1\/2&#8243;][vc_column_text]<\/p>\n<h6><span style=\"font-weight: 400;\">A compressed air audit is an ideal way to get a detailed overview of the strengths and weaknesses of the system used in the company. In addition, an audit is an ideal way to find out how to approach a system upgrade, we give you the best recommendations to increase productivity or upgrade to a more modern system. With the help of our cooperation partners, we are also able to perform accurate measurement analyzes, as a result of which the most optimal solutions for your company are found.<\/span><\/h6>\n<p>[\/vc_column_text][\/vc_column][\/vc_row][vc_row full_width=&#8221;stretch_row&#8221; gap=&#8221;10&#8243; equal_height=&#8221;yes&#8221; rtl_reverse=&#8221;yes&#8221; content_placement=&#8221;middle&#8221; css=&#8221;.vc_custom_1590000566661{margin-top: 2% !important;margin-bottom: 2% !important;background-position: 0 0 !important;background-repeat: no-repeat !important;}&#8221;][vc_column width=&#8221;1\/2&#8243;][vc_column_text]<\/p>\n<h6><b>Potential audit results and next steps<\/b><\/h6>\n<ul>\n<li>\n<h6><span style=\"font-weight: 400;\">Possible upgrades\/replacements of the compressor system<\/span><\/h6>\n<\/li>\n<li>\n<h6><span style=\"font-weight: 400;\">Leak mapping and elimination<\/span><\/h6>\n<\/li>\n<li>\n<h6><span style=\"font-weight: 400;\">Systems reconstruction plans<\/span><\/h6>\n<\/li>\n<li>\n<h6><span style=\"font-weight: 400;\">System air quality improvement measures<\/span><\/h6>\n<\/li>\n<li>\n<h6><span style=\"font-weight: 400;\">Elimination of air\/pressure deficiencies<\/span><\/h6>\n<\/li>\n<li>\n<h6><span style=\"font-weight: 400;\">Heat recovery construction<\/span><\/h6>\n<\/li>\n<li>\n<h6><span style=\"font-weight: 400;\">Other energy saving measures<\/span><\/h6>\n<\/li>\n<\/ul>\n<p>[\/vc_column_text][\/vc_column][vc_column width=&#8221;1\/2&#8243;][vc_single_image image=&#8221;33332&#8243; img_size=&#8221;full&#8221; alignment=&#8221;center&#8221; css=&#8221;.vc_custom_1590002017567{margin-bottom: 0px !important;}&#8221;][\/vc_column][\/vc_row][vc_row css=&#8221;.vc_custom_1549963493599{margin-top: 5% !important;}&#8221;][vc_column]<header class=\"kd-section-title col-lg-12 text-center solid-line sep-border-width-2 130px   \" ><h2 class=\"separator_on\" >References<\/h2><div class=\"kd-separator below_title\" style=\"width:130px;\"><div class=\"kd-separator-line\" style=\"border-color:#20e4fd\"><\/div><\/div><\/header>[vc_empty_space height=&#8221;20px&#8221;][vc_masonry_grid post_type=&#8221;portfolio&#8221; max_items=&#8221;-1&#8243; element_width=&#8221;3&#8243; orderby=&#8221;title&#8221; grid_id=&#8221;vc_gid:1633443225323-f0787bb0-1000-7&#8243; taxonomies=&#8221;82&#8243; el_class=&#8221;portfolio-categoryitem&#8221;][\/vc_column][\/vc_row][vc_row full_width=&#8221;stretch_row&#8221; css=&#8221;.vc_custom_1551187421738{margin-top: 5% !important;margin-bottom: 2% !important;}&#8221; el_id=&#8221;register&#8221;][vc_column][vc_row_inner][vc_column_inner width=&#8221;1\/4&#8243;][\/vc_column_inner][vc_column_inner width=&#8221;1\/2&#8243;]<header class=\"kd-section-title col-lg-12 text-center    \" ><h2 class=\"separator_off\" >Want solutions? Contact us!<\/h2><\/header>[vc_empty_space height=&#8221;25px&#8221;]<a  href=\"https:\/\/www.deltae.ee\/en\/contact\/\"  target=\"_self\"  title=\"\" class=\"tt_button    button-center  \" ><span class=\"prim_text\">Contact us<\/span><span class=\" iconita\"><\/span><\/a>[vc_empty_space height=&#8221;25px&#8221;][\/vc_column_inner][vc_column_inner width=&#8221;1\/4&#8243;][\/vc_column_inner][\/vc_row_inner][\/vc_column][\/vc_row]<\/p>\n<\/div>","protected":false},"excerpt":{"rendered":"<p>[vc_row full_width=&#8221;stretch_row&#8221; css=&#8221;.vc_custom_1589998827986{padding-top: 3% !important;padding-bottom: 1% !important;}&#8221;][vc_column width=&#8221;1\/2&#8243;][vc_column_text]Compressed air systems can achieve significant energy savings by using modern monitoring and control systems but also by implementing simple [&hellip;]<\/p>\n","protected":false},"author":11,"featured_media":30557,"parent":30555,"menu_order":0,"comment_status":"closed","ping_status":"closed","template":"","meta":{"_acf_changed":false,"inline_featured_image":false,"footnotes":""},"class_list":["post-33331","page","type-page","status-publish","has-post-thumbnail","hentry"],"acf":[],"yoast_head":"<!-- This site is optimized with the Yoast SEO Premium plugin v27.3 (Yoast SEO v27.5) - https:\/\/yoast.com\/product\/yoast-seo-premium-wordpress\/ -->\n<title>Compressed air audit | DeltaE<\/title>\n<meta name=\"description\" content=\"Suru\u00f5hu s\u00fcsteemides on v\u00f5imalik saavutada m\u00e4rkimisv\u00e4\u00e4rset energia kokkuhoidu. Professionaalse suru\u00f5hu auditi eesm\u00e4rk on kaardistada k\u00f5ik suru\u00f5hus\u00fcsteemi probleemsed kohad ning leida k\u00f5ik v\u00f5imalikud lahendused.\" \/>\n<meta name=\"robots\" content=\"index, follow, max-snippet:-1, max-image-preview:large, max-video-preview:-1\" \/>\n<link rel=\"canonical\" href=\"https:\/\/www.deltae.ee\/en\/compressedair\/compressed-air-audit\/\" \/>\n<meta property=\"og:locale\" content=\"en_US\" \/>\n<meta property=\"og:type\" content=\"article\" \/>\n<meta property=\"og:title\" content=\"Compressed air audit | DeltaE\" \/>\n<meta property=\"og:description\" content=\"Suru\u00f5hu s\u00fcsteemides on v\u00f5imalik saavutada m\u00e4rkimisv\u00e4\u00e4rset energia kokkuhoidu. Professionaalse suru\u00f5hu auditi eesm\u00e4rk on kaardistada k\u00f5ik suru\u00f5hus\u00fcsteemi probleemsed kohad ning leida k\u00f5ik v\u00f5imalikud lahendused.\" \/>\n<meta property=\"og:url\" content=\"https:\/\/www.deltae.ee\/en\/compressedair\/compressed-air-audit\/\" \/>\n<meta property=\"og:site_name\" content=\"DeltaE\" \/>\n<meta property=\"article:publisher\" content=\"https:\/\/www.facebook.com\/DeltaEInsenerid\" \/>\n<meta property=\"article:modified_time\" content=\"2021-10-05T14:13:58+00:00\" \/>\n<meta property=\"og:image\" content=\"https:\/\/www.deltae.ee\/wp-content\/uploads\/2020\/05\/suruohk-ja-toostuslahendused-ettevottele.jpg\" \/>\n\t<meta property=\"og:image:width\" content=\"590\" \/>\n\t<meta property=\"og:image:height\" content=\"390\" \/>\n\t<meta property=\"og:image:type\" content=\"image\/jpeg\" \/>\n<meta name=\"twitter:card\" content=\"summary_large_image\" \/>\n<script type=\"application\/ld+json\" class=\"yoast-schema-graph\">{\"@context\":\"https:\\\/\\\/schema.org\",\"@graph\":[{\"@type\":\"WebPage\",\"@id\":\"https:\\\/\\\/www.deltae.ee\\\/en\\\/compressedair\\\/compressed-air-audit\\\/\",\"url\":\"https:\\\/\\\/www.deltae.ee\\\/en\\\/compressedair\\\/compressed-air-audit\\\/\",\"name\":\"Compressed air audit | DeltaE\",\"isPartOf\":{\"@id\":\"https:\\\/\\\/www.deltae.ee\\\/en\\\/#website\"},\"primaryImageOfPage\":{\"@id\":\"https:\\\/\\\/www.deltae.ee\\\/en\\\/compressedair\\\/compressed-air-audit\\\/#primaryimage\"},\"image\":{\"@id\":\"https:\\\/\\\/www.deltae.ee\\\/en\\\/compressedair\\\/compressed-air-audit\\\/#primaryimage\"},\"thumbnailUrl\":\"https:\\\/\\\/www.deltae.ee\\\/wp-content\\\/uploads\\\/2020\\\/05\\\/suruohk-ja-toostuslahendused-ettevottele.jpg\",\"datePublished\":\"2020-05-20T12:11:20+00:00\",\"dateModified\":\"2021-10-05T14:13:58+00:00\",\"description\":\"Suru\u00f5hu s\u00fcsteemides on v\u00f5imalik saavutada m\u00e4rkimisv\u00e4\u00e4rset energia kokkuhoidu. Professionaalse suru\u00f5hu auditi eesm\u00e4rk on kaardistada k\u00f5ik suru\u00f5hus\u00fcsteemi probleemsed kohad ning leida k\u00f5ik v\u00f5imalikud lahendused.\",\"breadcrumb\":{\"@id\":\"https:\\\/\\\/www.deltae.ee\\\/en\\\/compressedair\\\/compressed-air-audit\\\/#breadcrumb\"},\"inLanguage\":\"en-US\",\"potentialAction\":[{\"@type\":\"ReadAction\",\"target\":[\"https:\\\/\\\/www.deltae.ee\\\/en\\\/compressedair\\\/compressed-air-audit\\\/\"]}]},{\"@type\":\"ImageObject\",\"inLanguage\":\"en-US\",\"@id\":\"https:\\\/\\\/www.deltae.ee\\\/en\\\/compressedair\\\/compressed-air-audit\\\/#primaryimage\",\"url\":\"https:\\\/\\\/www.deltae.ee\\\/wp-content\\\/uploads\\\/2020\\\/05\\\/suruohk-ja-toostuslahendused-ettevottele.jpg\",\"contentUrl\":\"https:\\\/\\\/www.deltae.ee\\\/wp-content\\\/uploads\\\/2020\\\/05\\\/suruohk-ja-toostuslahendused-ettevottele.jpg\",\"width\":590,\"height\":390},{\"@type\":\"BreadcrumbList\",\"@id\":\"https:\\\/\\\/www.deltae.ee\\\/en\\\/compressedair\\\/compressed-air-audit\\\/#breadcrumb\",\"itemListElement\":[{\"@type\":\"ListItem\",\"position\":1,\"name\":\"Home\",\"item\":\"https:\\\/\\\/www.deltae.ee\\\/en\\\/\"},{\"@type\":\"ListItem\",\"position\":2,\"name\":\"Compressed air and industrial solutions\",\"item\":\"https:\\\/\\\/www.deltae.ee\\\/en\\\/compressedair\\\/\"},{\"@type\":\"ListItem\",\"position\":3,\"name\":\"Compressed air audit\"}]},{\"@type\":\"WebSite\",\"@id\":\"https:\\\/\\\/www.deltae.ee\\\/en\\\/#website\",\"url\":\"https:\\\/\\\/www.deltae.ee\\\/en\\\/\",\"name\":\"DeltaE\",\"description\":\"Energia s&auml;&auml;stmise terviklahendused Sinu ettev&otilde;ttele\",\"publisher\":{\"@id\":\"https:\\\/\\\/www.deltae.ee\\\/en\\\/#organization\"},\"potentialAction\":[{\"@type\":\"SearchAction\",\"target\":{\"@type\":\"EntryPoint\",\"urlTemplate\":\"https:\\\/\\\/www.deltae.ee\\\/en\\\/?s={search_term_string}\"},\"query-input\":{\"@type\":\"PropertyValueSpecification\",\"valueRequired\":true,\"valueName\":\"search_term_string\"}}],\"inLanguage\":\"en-US\"},{\"@type\":[\"Organization\",\"Place\"],\"@id\":\"https:\\\/\\\/www.deltae.ee\\\/en\\\/#organization\",\"name\":\"DeltaE\",\"url\":\"https:\\\/\\\/www.deltae.ee\\\/en\\\/\",\"logo\":{\"@id\":\"https:\\\/\\\/www.deltae.ee\\\/en\\\/compressedair\\\/compressed-air-audit\\\/#local-main-organization-logo\"},\"image\":{\"@id\":\"https:\\\/\\\/www.deltae.ee\\\/en\\\/compressedair\\\/compressed-air-audit\\\/#local-main-organization-logo\"},\"sameAs\":[\"https:\\\/\\\/www.facebook.com\\\/DeltaEInsenerid\",\"https:\\\/\\\/ee.linkedin.com\\\/company\\\/deltae-engineering\"],\"legalName\":\"DeltaE Insenerid O\u00dc\",\"numberOfEmployees\":{\"@type\":\"QuantitativeValue\",\"minValue\":\"11\",\"maxValue\":\"50\"},\"address\":{\"@id\":\"https:\\\/\\\/www.deltae.ee\\\/en\\\/compressedair\\\/compressed-air-audit\\\/#local-main-place-address\"},\"geo\":{\"@type\":\"GeoCoordinates\",\"latitude\":\"59.400124\",\"longitude\":\"24.6581772\"},\"telephone\":[\"+372 5551 0442\"],\"openingHoursSpecification\":[{\"@type\":\"OpeningHoursSpecification\",\"dayOfWeek\":[\"Monday\",\"Tuesday\",\"Wednesday\",\"Thursday\",\"Friday\",\"Saturday\",\"Sunday\"],\"opens\":\"09:00\",\"closes\":\"17:00\"}],\"email\":\"info@deltae.ee\",\"vatID\":\"EE101617774\"},{\"@type\":\"PostalAddress\",\"@id\":\"https:\\\/\\\/www.deltae.ee\\\/en\\\/compressedair\\\/compressed-air-audit\\\/#local-main-place-address\",\"streetAddress\":\"M\u00e4ealuse 2\\\/1\",\"addressLocality\":\"Tallinn\",\"postalCode\":\"12618\",\"addressRegion\":\"Harjumaa\",\"addressCountry\":\"EE\"},{\"@type\":\"ImageObject\",\"inLanguage\":\"en-US\",\"@id\":\"https:\\\/\\\/www.deltae.ee\\\/en\\\/compressedair\\\/compressed-air-audit\\\/#local-main-organization-logo\",\"url\":\"https:\\\/\\\/www.deltae.ee\\\/wp-content\\\/uploads\\\/2019\\\/10\\\/DeltaE-sinine-must_eesti.png\",\"contentUrl\":\"https:\\\/\\\/www.deltae.ee\\\/wp-content\\\/uploads\\\/2019\\\/10\\\/DeltaE-sinine-must_eesti.png\",\"width\":650,\"height\":148,\"caption\":\"DeltaE\"}]}<\/script>\n<meta name=\"geo.placename\" content=\"Tallinn\" \/>\n<meta name=\"geo.position\" content=\"59.400124;24.6581772\" \/>\n<meta name=\"geo.region\" content=\"Estonia\" \/>\n<!-- \/ Yoast SEO Premium plugin. -->","yoast_head_json":{"title":"Compressed air audit | DeltaE","description":"Suru\u00f5hu s\u00fcsteemides on v\u00f5imalik saavutada m\u00e4rkimisv\u00e4\u00e4rset energia kokkuhoidu. Professionaalse suru\u00f5hu auditi eesm\u00e4rk on kaardistada k\u00f5ik suru\u00f5hus\u00fcsteemi probleemsed kohad ning leida k\u00f5ik v\u00f5imalikud lahendused.","robots":{"index":"index","follow":"follow","max-snippet":"max-snippet:-1","max-image-preview":"max-image-preview:large","max-video-preview":"max-video-preview:-1"},"canonical":"https:\/\/www.deltae.ee\/en\/compressedair\/compressed-air-audit\/","og_locale":"en_US","og_type":"article","og_title":"Compressed air audit | DeltaE","og_description":"Suru\u00f5hu s\u00fcsteemides on v\u00f5imalik saavutada m\u00e4rkimisv\u00e4\u00e4rset energia kokkuhoidu. Professionaalse suru\u00f5hu auditi eesm\u00e4rk on kaardistada k\u00f5ik suru\u00f5hus\u00fcsteemi probleemsed kohad ning leida k\u00f5ik v\u00f5imalikud lahendused.","og_url":"https:\/\/www.deltae.ee\/en\/compressedair\/compressed-air-audit\/","og_site_name":"DeltaE","article_publisher":"https:\/\/www.facebook.com\/DeltaEInsenerid","article_modified_time":"2021-10-05T14:13:58+00:00","og_image":[{"width":590,"height":390,"url":"https:\/\/www.deltae.ee\/wp-content\/uploads\/2020\/05\/suruohk-ja-toostuslahendused-ettevottele.jpg","type":"image\/jpeg"}],"twitter_card":"summary_large_image","schema":{"@context":"https:\/\/schema.org","@graph":[{"@type":"WebPage","@id":"https:\/\/www.deltae.ee\/en\/compressedair\/compressed-air-audit\/","url":"https:\/\/www.deltae.ee\/en\/compressedair\/compressed-air-audit\/","name":"Compressed air audit | DeltaE","isPartOf":{"@id":"https:\/\/www.deltae.ee\/en\/#website"},"primaryImageOfPage":{"@id":"https:\/\/www.deltae.ee\/en\/compressedair\/compressed-air-audit\/#primaryimage"},"image":{"@id":"https:\/\/www.deltae.ee\/en\/compressedair\/compressed-air-audit\/#primaryimage"},"thumbnailUrl":"https:\/\/www.deltae.ee\/wp-content\/uploads\/2020\/05\/suruohk-ja-toostuslahendused-ettevottele.jpg","datePublished":"2020-05-20T12:11:20+00:00","dateModified":"2021-10-05T14:13:58+00:00","description":"Suru\u00f5hu s\u00fcsteemides on v\u00f5imalik saavutada m\u00e4rkimisv\u00e4\u00e4rset energia kokkuhoidu. Professionaalse suru\u00f5hu auditi eesm\u00e4rk on kaardistada k\u00f5ik suru\u00f5hus\u00fcsteemi probleemsed kohad ning leida k\u00f5ik v\u00f5imalikud lahendused.","breadcrumb":{"@id":"https:\/\/www.deltae.ee\/en\/compressedair\/compressed-air-audit\/#breadcrumb"},"inLanguage":"en-US","potentialAction":[{"@type":"ReadAction","target":["https:\/\/www.deltae.ee\/en\/compressedair\/compressed-air-audit\/"]}]},{"@type":"ImageObject","inLanguage":"en-US","@id":"https:\/\/www.deltae.ee\/en\/compressedair\/compressed-air-audit\/#primaryimage","url":"https:\/\/www.deltae.ee\/wp-content\/uploads\/2020\/05\/suruohk-ja-toostuslahendused-ettevottele.jpg","contentUrl":"https:\/\/www.deltae.ee\/wp-content\/uploads\/2020\/05\/suruohk-ja-toostuslahendused-ettevottele.jpg","width":590,"height":390},{"@type":"BreadcrumbList","@id":"https:\/\/www.deltae.ee\/en\/compressedair\/compressed-air-audit\/#breadcrumb","itemListElement":[{"@type":"ListItem","position":1,"name":"Home","item":"https:\/\/www.deltae.ee\/en\/"},{"@type":"ListItem","position":2,"name":"Compressed air and industrial solutions","item":"https:\/\/www.deltae.ee\/en\/compressedair\/"},{"@type":"ListItem","position":3,"name":"Compressed air audit"}]},{"@type":"WebSite","@id":"https:\/\/www.deltae.ee\/en\/#website","url":"https:\/\/www.deltae.ee\/en\/","name":"DeltaE","description":"Energia s&auml;&auml;stmise terviklahendused Sinu ettev&otilde;ttele","publisher":{"@id":"https:\/\/www.deltae.ee\/en\/#organization"},"potentialAction":[{"@type":"SearchAction","target":{"@type":"EntryPoint","urlTemplate":"https:\/\/www.deltae.ee\/en\/?s={search_term_string}"},"query-input":{"@type":"PropertyValueSpecification","valueRequired":true,"valueName":"search_term_string"}}],"inLanguage":"en-US"},{"@type":["Organization","Place"],"@id":"https:\/\/www.deltae.ee\/en\/#organization","name":"DeltaE","url":"https:\/\/www.deltae.ee\/en\/","logo":{"@id":"https:\/\/www.deltae.ee\/en\/compressedair\/compressed-air-audit\/#local-main-organization-logo"},"image":{"@id":"https:\/\/www.deltae.ee\/en\/compressedair\/compressed-air-audit\/#local-main-organization-logo"},"sameAs":["https:\/\/www.facebook.com\/DeltaEInsenerid","https:\/\/ee.linkedin.com\/company\/deltae-engineering"],"legalName":"DeltaE Insenerid O\u00dc","numberOfEmployees":{"@type":"QuantitativeValue","minValue":"11","maxValue":"50"},"address":{"@id":"https:\/\/www.deltae.ee\/en\/compressedair\/compressed-air-audit\/#local-main-place-address"},"geo":{"@type":"GeoCoordinates","latitude":"59.400124","longitude":"24.6581772"},"telephone":["+372 5551 0442"],"openingHoursSpecification":[{"@type":"OpeningHoursSpecification","dayOfWeek":["Monday","Tuesday","Wednesday","Thursday","Friday","Saturday","Sunday"],"opens":"09:00","closes":"17:00"}],"email":"info@deltae.ee","vatID":"EE101617774"},{"@type":"PostalAddress","@id":"https:\/\/www.deltae.ee\/en\/compressedair\/compressed-air-audit\/#local-main-place-address","streetAddress":"M\u00e4ealuse 2\/1","addressLocality":"Tallinn","postalCode":"12618","addressRegion":"Harjumaa","addressCountry":"EE"},{"@type":"ImageObject","inLanguage":"en-US","@id":"https:\/\/www.deltae.ee\/en\/compressedair\/compressed-air-audit\/#local-main-organization-logo","url":"https:\/\/www.deltae.ee\/wp-content\/uploads\/2019\/10\/DeltaE-sinine-must_eesti.png","contentUrl":"https:\/\/www.deltae.ee\/wp-content\/uploads\/2019\/10\/DeltaE-sinine-must_eesti.png","width":650,"height":148,"caption":"DeltaE"}]},"geo.placename":"Tallinn","geo.position":{"lat":"59.400124","long":"24.6581772"},"geo.region":"Estonia"},"_links":{"self":[{"href":"https:\/\/www.deltae.ee\/en\/wp-json\/wp\/v2\/pages\/33331","targetHints":{"allow":["GET"]}}],"collection":[{"href":"https:\/\/www.deltae.ee\/en\/wp-json\/wp\/v2\/pages"}],"about":[{"href":"https:\/\/www.deltae.ee\/en\/wp-json\/wp\/v2\/types\/page"}],"author":[{"embeddable":true,"href":"https:\/\/www.deltae.ee\/en\/wp-json\/wp\/v2\/users\/11"}],"replies":[{"embeddable":true,"href":"https:\/\/www.deltae.ee\/en\/wp-json\/wp\/v2\/comments?post=33331"}],"version-history":[{"count":0,"href":"https:\/\/www.deltae.ee\/en\/wp-json\/wp\/v2\/pages\/33331\/revisions"}],"up":[{"embeddable":true,"href":"https:\/\/www.deltae.ee\/en\/wp-json\/wp\/v2\/pages\/30555"}],"wp:featuredmedia":[{"embeddable":true,"href":"https:\/\/www.deltae.ee\/en\/wp-json\/wp\/v2\/media\/30557"}],"wp:attachment":[{"href":"https:\/\/www.deltae.ee\/en\/wp-json\/wp\/v2\/media?parent=33331"}],"curies":[{"name":"wp","href":"https:\/\/api.w.org\/{rel}","templated":true}]}}