{"id":33436,"date":"2020-10-03T12:19:28","date_gmt":"2020-10-03T12:19:28","guid":{"rendered":"https:\/\/www.deltae.ee\/lighting\/automaatika\/"},"modified":"2021-09-14T12:19:07","modified_gmt":"2021-09-14T12:19:07","slug":"automatics","status":"publish","type":"page","link":"https:\/\/www.deltae.ee\/en\/lighting\/automatics\/","title":{"rendered":"Automatics"},"content":{"rendered":"<div class=\"wpb-content-wrapper\"><p>[vc_row full_width=&#8221;stretch_row&#8221; css=&#8221;.vc_custom_1589998827986{padding-top: 3% !important;padding-bottom: 1% !important;}&#8221;][vc_column width=&#8221;1\/2&#8243;]<header class=\"kd-section-title col-lg-12 text-left solid-line sep-border-width-2 130px   \" ><h1 class=\"separator_on\" >Why you have to control the lighting?<\/h1><div class=\"kd-separator below_title\" style=\"width:130px;\"><div class=\"kd-separator-line\" style=\"border-color:#20e4fd\"><\/div><\/div><\/header>[vc_column_text]<\/p>\n<ul>\n<li><span style=\"font-weight: 400;\">Maintaining the appropriate lighting level<\/span><\/li>\n<li><span style=\"font-weight: 400;\">Lower glare values<\/span><\/li>\n<li><span style=\"font-weight: 400;\">The need for luminaire cooling is reduced and the service life is extended<\/span><\/li>\n<li><span style=\"font-weight: 400;\">Add up to 70% energy savings<\/span><\/li>\n<li><span style=\"font-weight: 400;\">Achieving a natural human circadian rhythm<\/span><\/li>\n<li><span style=\"font-weight: 400;\">Safety<\/span><\/li>\n<\/ul>\n<p>[\/vc_column_text][\/vc_column][vc_column width=&#8221;1\/2&#8243;][vc_single_image image=&#8221;29706&#8243; img_size=&#8221;1000&#215;750&#8243;][\/vc_column][\/vc_row][vc_row][vc_column]<header class=\"kd-section-title col-lg-12 text-center solid-line sep-border-width-2 130px    vc_custom_1631621738248\" ><h3 class=\"separator_on\" >How lighting can be controlled?<br \/>\n<\/h3><div class=\"kd-separator below_title\" style=\"width:130px;\"><div class=\"kd-separator-line\" style=\"border-color:#20e4fd\"><\/div><\/div><\/header>[\/vc_column][\/vc_row][vc_row full_width=&#8221;stretch_row&#8221; gap=&#8221;10&#8243; equal_height=&#8221;yes&#8221; rtl_reverse=&#8221;yes&#8221; content_placement=&#8221;middle&#8221; css=&#8221;.vc_custom_1590000566661{margin-top: 2% !important;margin-bottom: 2% !important;background-position: 0 0 !important;background-repeat: no-repeat !important;}&#8221;][vc_column width=&#8221;1\/2&#8243;][vc_single_image image=&#8221;33455&#8243; img_size=&#8221;500&#215;400&#8243; alignment=&#8221;center&#8221; css=&#8221;.vc_custom_1603030221113{margin-bottom: 0px !important;}&#8221;][\/vc_column][vc_column width=&#8221;1\/2&#8243;][vc_column_text]<\/p>\n<ul>\n<li><span style=\"font-weight: 400;\">Using control devices for people-centered lighting control ensures maximum productivity of employees.<\/span><\/li>\n<li><span style=\"font-weight: 400;\">By using motion sensors to make the lighting work when people are in the room &#8211; depending on the object, savings can be up to 80%.<\/span><\/li>\n<li><span style=\"font-weight: 400;\">Using light sensors to keep the lighting installation at the desired level of illumination &#8211; depending on the subject, savings of up to 40%.<\/span><\/li>\n<li><span style=\"font-weight: 400;\">Using a constant luminous flux maintenance function to ensure the required level of illumination throughout the life of the installation.<\/span><\/li>\n<li><span style=\"font-weight: 400;\">Dividing luminaires into switching groups to illuminate the part where work is done or people are staying &#8211; additional savings potential of around 25%.<\/span><\/li>\n<li><span style=\"font-weight: 400;\">Using time-based control to prevent lights from burning out when not in use.<\/span><\/li>\n<\/ul>\n<p>[\/vc_column_text][\/vc_column][\/vc_row][vc_row full_width=&#8221;stretch_row&#8221; gap=&#8221;10&#8243; equal_height=&#8221;yes&#8221; rtl_reverse=&#8221;yes&#8221; content_placement=&#8221;middle&#8221; css=&#8221;.vc_custom_1590000566661{margin-top: 2% !important;margin-bottom: 2% !important;background-position: 0 0 !important;background-repeat: no-repeat !important;}&#8221;][vc_column width=&#8221;1\/2&#8243;]<header class=\"kd-section-title col-lg-12 text-center solid-line sep-border-width-2 130px    vc_custom_1631621781621\" ><h3 class=\"separator_on\" >What are the best lighting control options?<\/h3><div class=\"kd-separator below_title\" style=\"width:130px;\"><div class=\"kd-separator-line\" style=\"border-color:#20e4fd\"><\/div><\/div><\/header>[vc_column_text]<\/p>\n<ul>\n<li><span style=\"font-weight: 400;\">The lighting installation is visualized on a single platform<\/span><\/li>\n<li><span style=\"font-weight: 400;\">A human-centered lighting plan has been created for the lighting installation<\/span><\/li>\n<li><span style=\"font-weight: 400;\">The lighting installation is remotely manageable and monitorable<\/span><\/li>\n<li><span style=\"font-weight: 400;\">The control parameters are digitally manageable &#8211; lighting level, sensor settings<\/span><\/li>\n<li><span style=\"font-weight: 400;\">The switching groups are digitally configurable<\/span><\/li>\n<li><span style=\"font-weight: 400;\">It is possible to create different scenarios<\/span><\/li>\n<li><span style=\"font-weight: 400;\">It is possible to create control logics<\/span><\/li>\n<li><span style=\"font-weight: 400;\">The lighting installation is monitored &#8211; detect malfunctioning devices and anomalies<\/span><\/li>\n<li><span style=\"font-weight: 400;\">All kinds of notifications and alarms can be added as needed<\/span><\/li>\n<li><span style=\"font-weight: 400;\">Lighting parameters can be logged, stored and analyzed<\/span><\/li>\n<li><span style=\"font-weight: 400;\">The system can be interfaced with other technical systems and building automation<\/span><\/li>\n<\/ul>\n<p>[\/vc_column_text][\/vc_column][vc_column width=&#8221;1\/2&#8243;][vc_single_image image=&#8221;33456&#8243; img_size=&#8221;500&#215;500&#8243; alignment=&#8221;center&#8221; css=&#8221;.vc_custom_1603030232516{margin-bottom: 0px !important;}&#8221;][\/vc_column][\/vc_row][vc_row full_width=&#8221;stretch_row&#8221; gap=&#8221;10&#8243; equal_height=&#8221;yes&#8221; rtl_reverse=&#8221;yes&#8221; content_placement=&#8221;middle&#8221; css=&#8221;.vc_custom_1590000566661{margin-top: 2% !important;margin-bottom: 2% !important;background-position: 0 0 !important;background-repeat: no-repeat !important;}&#8221;][vc_column width=&#8221;1\/2&#8243;][vc_single_image image=&#8221;33457&#8243; img_size=&#8221;500&#215;250&#8243; alignment=&#8221;center&#8221; css=&#8221;.vc_custom_1603030248787{margin-bottom: 0px !important;}&#8221;][\/vc_column][vc_column width=&#8221;1\/2&#8243;]<header class=\"kd-section-title col-lg-12 text-center solid-line sep-border-width-2 130px    vc_custom_1631621813847\" ><h3 class=\"separator_on\" >Human-centered lighting<\/h3><div class=\"kd-separator below_title\" style=\"width:130px;\"><div class=\"kd-separator-line\" style=\"border-color:#20e4fd\"><\/div><\/div><\/header>[vc_column_text]<\/p>\n<ul>\n<li><span style=\"font-weight: 400;\">Daily changing lighting temperature<\/span><\/li>\n<li><span style=\"font-weight: 400;\">Warm tones in the morning and evening, colder tones during the day<\/span><\/li>\n<li><span style=\"font-weight: 400;\">A person&#8217;s natural circadian rhythm is maintained<\/span><\/li>\n<li><span style=\"font-weight: 400;\">Employees get better quality sleep at night and greater efficiency during the day<\/span><\/li>\n<li><span style=\"font-weight: 400;\">Allows you to apply for an international Well certificate for the building<\/span><\/li>\n<\/ul>\n<p>[\/vc_column_text][\/vc_column][\/vc_row][vc_row full_width=&#8221;stretch_row&#8221; css=&#8221;.vc_custom_1551187421738{margin-top: 5% !important;margin-bottom: 2% !important;}&#8221; el_id=&#8221;register&#8221;][vc_column][vc_row_inner][vc_column_inner width=&#8221;1\/4&#8243;][\/vc_column_inner][vc_column_inner width=&#8221;1\/2&#8243;]<header class=\"kd-section-title col-lg-12 text-center    \" ><h2 class=\"separator_off\" >You want a high-quality controlled lighting solution?<br \/>\n<\/h2><\/header>[vc_empty_space height=&#8221;25px&#8221;]<a  href=\"https:\/\/www.deltae.ee\/en\/contact\/\"  target=\"_blank\"  title=\"\" class=\"tt_button    button-center  \" ><span class=\"prim_text\">Contact us<\/span><span class=\" iconita\"><\/span><\/a>[vc_empty_space height=&#8221;25px&#8221;][\/vc_column_inner][vc_column_inner width=&#8221;1\/4&#8243;][\/vc_column_inner][\/vc_row_inner][\/vc_column][\/vc_row][vc_row full_width=&#8221;stretch_row&#8221; css=&#8221;.vc_custom_1601728824556{margin-top: 3% !important;padding-bottom: 2% !important;}&#8221;][vc_column]<header class=\"kd-section-title col-lg-12 text-center solid-line sep-border-width-2 130px  vs-heading  vc_custom_1631621869186\" ><h2 class=\"separator_on\" >Gallery<\/h2><div class=\"kd-separator below_title\" style=\"width:130px;\"><div class=\"kd-separator-line\" ><\/div><\/div><\/header>[vc_gallery type=&#8221;image_grid&#8221; images=&#8221;33443,33444,33445,33446,33447,33448,33449,33450,33451,33452,33453,33454&#8243; img_size=&#8221;300&#215;280&#8243; el_class=&#8221;image-gallery&#8221;][vc_empty_space height=&#8221;40px&#8221;][\/vc_column][\/vc_row][vc_row full_width=&#8221;stretch_row&#8221; css=&#8221;.vc_custom_1551187421738{margin-top: 5% !important;margin-bottom: 2% !important;}&#8221;][vc_column][vc_row_inner][vc_column_inner width=&#8221;1\/4&#8243;][\/vc_column_inner][vc_column_inner width=&#8221;1\/2&#8243;]<header class=\"kd-section-title col-lg-12 text-center    \" ><h2 class=\"separator_off\" >Ask for a free consultation!<br \/>\n<\/h2><\/header>[vc_empty_space height=&#8221;25px&#8221;]<a  href=\"https:\/\/www.deltae.ee\/en\/contact\/\"  target=\"_self\"  title=\"\" class=\"tt_button    button-center  \" ><span class=\"prim_text\">Contact us<\/span><span class=\" iconita\"><\/span><\/a>[vc_empty_space height=&#8221;25px&#8221;][\/vc_column_inner][vc_column_inner width=&#8221;1\/4&#8243;][\/vc_column_inner][\/vc_row_inner][\/vc_column][\/vc_row][vc_row css=&#8221;.vc_custom_1549963493599{margin-top: 5% !important;}&#8221;][vc_column]<header class=\"kd-section-title col-lg-12 text-center solid-line sep-border-width-2 130px   \" ><h2 class=\"separator_on\" >References<\/h2><div class=\"kd-separator below_title\" style=\"width:130px;\"><div class=\"kd-separator-line\" style=\"border-color:#20e4fd\"><\/div><\/div><\/header>[vc_empty_space height=&#8221;20px&#8221;][vc_masonry_grid post_type=&#8221;portfolio&#8221; max_items=&#8221;-1&#8243; element_width=&#8221;3&#8243; orderby=&#8221;title&#8221; grid_id=&#8221;vc_gid:1631621569282-7e8879e4-eb15-5&#8243; taxonomies=&#8221;37&#8243; el_class=&#8221;portfolio-categoryitem&#8221;][\/vc_column][\/vc_row][vc_row][vc_column]<header class=\"kd-section-title col-lg-12 text-center    \" ><h2 class=\"separator_off\" >Want solutions? Contact us!<\/h2><\/header>[vc_empty_space height=&#8221;25px&#8221;]<a  href=\"https:\/\/www.deltae.ee\/en\/contact\/\"  target=\"_self\"  title=\"\" class=\"tt_button    button-center  \" ><span class=\"prim_text\">Contact us<\/span><span class=\" iconita\"><\/span><\/a>[\/vc_column][\/vc_row]<\/p>\n<\/div>","protected":false},"excerpt":{"rendered":"<p>[vc_row full_width=&#8221;stretch_row&#8221; css=&#8221;.vc_custom_1589998827986{padding-top: 3% !important;padding-bottom: 1% !important;}&#8221;][vc_column width=&#8221;1\/2&#8243;][vc_column_text] Maintaining the appropriate lighting level Lower glare values The need for luminaire cooling is reduced and the service life [&hellip;]<\/p>\n","protected":false},"author":11,"featured_media":30557,"parent":30345,"menu_order":0,"comment_status":"closed","ping_status":"closed","template":"","meta":{"_acf_changed":false,"inline_featured_image":false,"footnotes":""},"class_list":["post-33436","page","type-page","status-publish","has-post-thumbnail","hentry"],"acf":[],"yoast_head":"<!-- This site is optimized with the Yoast SEO Premium plugin v27.3 (Yoast SEO v27.3) - https:\/\/yoast.com\/product\/yoast-seo-premium-wordpress\/ -->\n<title>Automatics | DeltaE<\/title>\n<meta name=\"description\" content=\"Suru\u00f5hu s\u00fcsteemides on v\u00f5imalik saavutada m\u00e4rkimisv\u00e4\u00e4rset energia kokkuhoidu. Professionaalse suru\u00f5hu auditi eesm\u00e4rk on kaardistada k\u00f5ik suru\u00f5hus\u00fcsteemi probleemsed kohad ning leida k\u00f5ik v\u00f5imalikud lahendused.\" \/>\n<meta name=\"robots\" content=\"index, follow, max-snippet:-1, max-image-preview:large, max-video-preview:-1\" \/>\n<link rel=\"canonical\" href=\"https:\/\/www.deltae.ee\/en\/lighting\/automatics\/\" \/>\n<meta property=\"og:locale\" content=\"en_US\" \/>\n<meta property=\"og:type\" content=\"article\" \/>\n<meta property=\"og:title\" content=\"Automatics | DeltaE\" \/>\n<meta property=\"og:description\" content=\"Suru\u00f5hu s\u00fcsteemides on v\u00f5imalik saavutada m\u00e4rkimisv\u00e4\u00e4rset energia kokkuhoidu. Professionaalse suru\u00f5hu auditi eesm\u00e4rk on kaardistada k\u00f5ik suru\u00f5hus\u00fcsteemi probleemsed kohad ning leida k\u00f5ik v\u00f5imalikud lahendused.\" \/>\n<meta property=\"og:url\" content=\"https:\/\/www.deltae.ee\/en\/lighting\/automatics\/\" \/>\n<meta property=\"og:site_name\" content=\"DeltaE\" \/>\n<meta property=\"article:publisher\" content=\"https:\/\/www.facebook.com\/DeltaEInsenerid\" \/>\n<meta property=\"article:modified_time\" content=\"2021-09-14T12:19:07+00:00\" \/>\n<meta property=\"og:image\" content=\"https:\/\/www.deltae.ee\/wp-content\/uploads\/2020\/05\/suruohk-ja-toostuslahendused-ettevottele.jpg\" \/>\n\t<meta property=\"og:image:width\" content=\"590\" \/>\n\t<meta property=\"og:image:height\" content=\"390\" \/>\n\t<meta property=\"og:image:type\" content=\"image\/jpeg\" \/>\n<meta name=\"twitter:card\" content=\"summary_large_image\" \/>\n<script type=\"application\/ld+json\" class=\"yoast-schema-graph\">{\"@context\":\"https:\\\/\\\/schema.org\",\"@graph\":[{\"@type\":\"WebPage\",\"@id\":\"https:\\\/\\\/www.deltae.ee\\\/en\\\/lighting\\\/automatics\\\/\",\"url\":\"https:\\\/\\\/www.deltae.ee\\\/en\\\/lighting\\\/automatics\\\/\",\"name\":\"Automatics | DeltaE\",\"isPartOf\":{\"@id\":\"https:\\\/\\\/www.deltae.ee\\\/en\\\/#website\"},\"primaryImageOfPage\":{\"@id\":\"https:\\\/\\\/www.deltae.ee\\\/en\\\/lighting\\\/automatics\\\/#primaryimage\"},\"image\":{\"@id\":\"https:\\\/\\\/www.deltae.ee\\\/en\\\/lighting\\\/automatics\\\/#primaryimage\"},\"thumbnailUrl\":\"https:\\\/\\\/www.deltae.ee\\\/wp-content\\\/uploads\\\/2020\\\/05\\\/suruohk-ja-toostuslahendused-ettevottele.jpg\",\"datePublished\":\"2020-10-03T12:19:28+00:00\",\"dateModified\":\"2021-09-14T12:19:07+00:00\",\"description\":\"Suru\u00f5hu s\u00fcsteemides on v\u00f5imalik saavutada m\u00e4rkimisv\u00e4\u00e4rset energia kokkuhoidu. Professionaalse suru\u00f5hu auditi eesm\u00e4rk on kaardistada k\u00f5ik suru\u00f5hus\u00fcsteemi probleemsed kohad ning leida k\u00f5ik v\u00f5imalikud lahendused.\",\"breadcrumb\":{\"@id\":\"https:\\\/\\\/www.deltae.ee\\\/en\\\/lighting\\\/automatics\\\/#breadcrumb\"},\"inLanguage\":\"en-US\",\"potentialAction\":[{\"@type\":\"ReadAction\",\"target\":[\"https:\\\/\\\/www.deltae.ee\\\/en\\\/lighting\\\/automatics\\\/\"]}]},{\"@type\":\"ImageObject\",\"inLanguage\":\"en-US\",\"@id\":\"https:\\\/\\\/www.deltae.ee\\\/en\\\/lighting\\\/automatics\\\/#primaryimage\",\"url\":\"https:\\\/\\\/www.deltae.ee\\\/wp-content\\\/uploads\\\/2020\\\/05\\\/suruohk-ja-toostuslahendused-ettevottele.jpg\",\"contentUrl\":\"https:\\\/\\\/www.deltae.ee\\\/wp-content\\\/uploads\\\/2020\\\/05\\\/suruohk-ja-toostuslahendused-ettevottele.jpg\",\"width\":590,\"height\":390},{\"@type\":\"BreadcrumbList\",\"@id\":\"https:\\\/\\\/www.deltae.ee\\\/en\\\/lighting\\\/automatics\\\/#breadcrumb\",\"itemListElement\":[{\"@type\":\"ListItem\",\"position\":1,\"name\":\"Home\",\"item\":\"https:\\\/\\\/www.deltae.ee\\\/en\\\/\"},{\"@type\":\"ListItem\",\"position\":2,\"name\":\"Lighting\",\"item\":\"https:\\\/\\\/www.deltae.ee\\\/en\\\/lighting\\\/\"},{\"@type\":\"ListItem\",\"position\":3,\"name\":\"Automatics\"}]},{\"@type\":\"WebSite\",\"@id\":\"https:\\\/\\\/www.deltae.ee\\\/en\\\/#website\",\"url\":\"https:\\\/\\\/www.deltae.ee\\\/en\\\/\",\"name\":\"DeltaE\",\"description\":\"Energia s&auml;&auml;stmise terviklahendused Sinu ettev&otilde;ttele\",\"publisher\":{\"@id\":\"https:\\\/\\\/www.deltae.ee\\\/en\\\/#organization\"},\"potentialAction\":[{\"@type\":\"SearchAction\",\"target\":{\"@type\":\"EntryPoint\",\"urlTemplate\":\"https:\\\/\\\/www.deltae.ee\\\/en\\\/?s={search_term_string}\"},\"query-input\":{\"@type\":\"PropertyValueSpecification\",\"valueRequired\":true,\"valueName\":\"search_term_string\"}}],\"inLanguage\":\"en-US\"},{\"@type\":[\"Organization\",\"Place\"],\"@id\":\"https:\\\/\\\/www.deltae.ee\\\/en\\\/#organization\",\"name\":\"DeltaE\",\"url\":\"https:\\\/\\\/www.deltae.ee\\\/en\\\/\",\"logo\":{\"@id\":\"https:\\\/\\\/www.deltae.ee\\\/en\\\/lighting\\\/automatics\\\/#local-main-organization-logo\"},\"image\":{\"@id\":\"https:\\\/\\\/www.deltae.ee\\\/en\\\/lighting\\\/automatics\\\/#local-main-organization-logo\"},\"sameAs\":[\"https:\\\/\\\/www.facebook.com\\\/DeltaEInsenerid\",\"https:\\\/\\\/ee.linkedin.com\\\/company\\\/deltae-engineering\"],\"legalName\":\"DeltaE Insenerid O\u00dc\",\"numberOfEmployees\":{\"@type\":\"QuantitativeValue\",\"minValue\":\"11\",\"maxValue\":\"50\"},\"address\":{\"@id\":\"https:\\\/\\\/www.deltae.ee\\\/en\\\/lighting\\\/automatics\\\/#local-main-place-address\"},\"geo\":{\"@type\":\"GeoCoordinates\",\"latitude\":\"59.400124\",\"longitude\":\"24.6581772\"},\"telephone\":[\"+372 5551 0442\"],\"openingHoursSpecification\":[{\"@type\":\"OpeningHoursSpecification\",\"dayOfWeek\":[\"Monday\",\"Tuesday\",\"Wednesday\",\"Thursday\",\"Friday\",\"Saturday\",\"Sunday\"],\"opens\":\"09:00\",\"closes\":\"17:00\"}],\"email\":\"info@deltae.ee\",\"vatID\":\"EE101617774\"},{\"@type\":\"PostalAddress\",\"@id\":\"https:\\\/\\\/www.deltae.ee\\\/en\\\/lighting\\\/automatics\\\/#local-main-place-address\",\"streetAddress\":\"M\u00e4ealuse 2\\\/1\",\"addressLocality\":\"Tallinn\",\"postalCode\":\"12618\",\"addressRegion\":\"Harjumaa\",\"addressCountry\":\"EE\"},{\"@type\":\"ImageObject\",\"inLanguage\":\"en-US\",\"@id\":\"https:\\\/\\\/www.deltae.ee\\\/en\\\/lighting\\\/automatics\\\/#local-main-organization-logo\",\"url\":\"https:\\\/\\\/www.deltae.ee\\\/wp-content\\\/uploads\\\/2019\\\/10\\\/DeltaE-sinine-must_eesti.png\",\"contentUrl\":\"https:\\\/\\\/www.deltae.ee\\\/wp-content\\\/uploads\\\/2019\\\/10\\\/DeltaE-sinine-must_eesti.png\",\"width\":650,\"height\":148,\"caption\":\"DeltaE\"}]}<\/script>\n<meta name=\"geo.placename\" content=\"Tallinn\" \/>\n<meta name=\"geo.position\" content=\"59.400124;24.6581772\" \/>\n<meta name=\"geo.region\" content=\"Estonia\" \/>\n<!-- \/ Yoast SEO Premium plugin. -->","yoast_head_json":{"title":"Automatics | DeltaE","description":"Suru\u00f5hu s\u00fcsteemides on v\u00f5imalik saavutada m\u00e4rkimisv\u00e4\u00e4rset energia kokkuhoidu. Professionaalse suru\u00f5hu auditi eesm\u00e4rk on kaardistada k\u00f5ik suru\u00f5hus\u00fcsteemi probleemsed kohad ning leida k\u00f5ik v\u00f5imalikud lahendused.","robots":{"index":"index","follow":"follow","max-snippet":"max-snippet:-1","max-image-preview":"max-image-preview:large","max-video-preview":"max-video-preview:-1"},"canonical":"https:\/\/www.deltae.ee\/en\/lighting\/automatics\/","og_locale":"en_US","og_type":"article","og_title":"Automatics | DeltaE","og_description":"Suru\u00f5hu s\u00fcsteemides on v\u00f5imalik saavutada m\u00e4rkimisv\u00e4\u00e4rset energia kokkuhoidu. Professionaalse suru\u00f5hu auditi eesm\u00e4rk on kaardistada k\u00f5ik suru\u00f5hus\u00fcsteemi probleemsed kohad ning leida k\u00f5ik v\u00f5imalikud lahendused.","og_url":"https:\/\/www.deltae.ee\/en\/lighting\/automatics\/","og_site_name":"DeltaE","article_publisher":"https:\/\/www.facebook.com\/DeltaEInsenerid","article_modified_time":"2021-09-14T12:19:07+00:00","og_image":[{"width":590,"height":390,"url":"https:\/\/www.deltae.ee\/wp-content\/uploads\/2020\/05\/suruohk-ja-toostuslahendused-ettevottele.jpg","type":"image\/jpeg"}],"twitter_card":"summary_large_image","schema":{"@context":"https:\/\/schema.org","@graph":[{"@type":"WebPage","@id":"https:\/\/www.deltae.ee\/en\/lighting\/automatics\/","url":"https:\/\/www.deltae.ee\/en\/lighting\/automatics\/","name":"Automatics | DeltaE","isPartOf":{"@id":"https:\/\/www.deltae.ee\/en\/#website"},"primaryImageOfPage":{"@id":"https:\/\/www.deltae.ee\/en\/lighting\/automatics\/#primaryimage"},"image":{"@id":"https:\/\/www.deltae.ee\/en\/lighting\/automatics\/#primaryimage"},"thumbnailUrl":"https:\/\/www.deltae.ee\/wp-content\/uploads\/2020\/05\/suruohk-ja-toostuslahendused-ettevottele.jpg","datePublished":"2020-10-03T12:19:28+00:00","dateModified":"2021-09-14T12:19:07+00:00","description":"Suru\u00f5hu s\u00fcsteemides on v\u00f5imalik saavutada m\u00e4rkimisv\u00e4\u00e4rset energia kokkuhoidu. Professionaalse suru\u00f5hu auditi eesm\u00e4rk on kaardistada k\u00f5ik suru\u00f5hus\u00fcsteemi probleemsed kohad ning leida k\u00f5ik v\u00f5imalikud lahendused.","breadcrumb":{"@id":"https:\/\/www.deltae.ee\/en\/lighting\/automatics\/#breadcrumb"},"inLanguage":"en-US","potentialAction":[{"@type":"ReadAction","target":["https:\/\/www.deltae.ee\/en\/lighting\/automatics\/"]}]},{"@type":"ImageObject","inLanguage":"en-US","@id":"https:\/\/www.deltae.ee\/en\/lighting\/automatics\/#primaryimage","url":"https:\/\/www.deltae.ee\/wp-content\/uploads\/2020\/05\/suruohk-ja-toostuslahendused-ettevottele.jpg","contentUrl":"https:\/\/www.deltae.ee\/wp-content\/uploads\/2020\/05\/suruohk-ja-toostuslahendused-ettevottele.jpg","width":590,"height":390},{"@type":"BreadcrumbList","@id":"https:\/\/www.deltae.ee\/en\/lighting\/automatics\/#breadcrumb","itemListElement":[{"@type":"ListItem","position":1,"name":"Home","item":"https:\/\/www.deltae.ee\/en\/"},{"@type":"ListItem","position":2,"name":"Lighting","item":"https:\/\/www.deltae.ee\/en\/lighting\/"},{"@type":"ListItem","position":3,"name":"Automatics"}]},{"@type":"WebSite","@id":"https:\/\/www.deltae.ee\/en\/#website","url":"https:\/\/www.deltae.ee\/en\/","name":"DeltaE","description":"Energia s&auml;&auml;stmise terviklahendused Sinu ettev&otilde;ttele","publisher":{"@id":"https:\/\/www.deltae.ee\/en\/#organization"},"potentialAction":[{"@type":"SearchAction","target":{"@type":"EntryPoint","urlTemplate":"https:\/\/www.deltae.ee\/en\/?s={search_term_string}"},"query-input":{"@type":"PropertyValueSpecification","valueRequired":true,"valueName":"search_term_string"}}],"inLanguage":"en-US"},{"@type":["Organization","Place"],"@id":"https:\/\/www.deltae.ee\/en\/#organization","name":"DeltaE","url":"https:\/\/www.deltae.ee\/en\/","logo":{"@id":"https:\/\/www.deltae.ee\/en\/lighting\/automatics\/#local-main-organization-logo"},"image":{"@id":"https:\/\/www.deltae.ee\/en\/lighting\/automatics\/#local-main-organization-logo"},"sameAs":["https:\/\/www.facebook.com\/DeltaEInsenerid","https:\/\/ee.linkedin.com\/company\/deltae-engineering"],"legalName":"DeltaE Insenerid O\u00dc","numberOfEmployees":{"@type":"QuantitativeValue","minValue":"11","maxValue":"50"},"address":{"@id":"https:\/\/www.deltae.ee\/en\/lighting\/automatics\/#local-main-place-address"},"geo":{"@type":"GeoCoordinates","latitude":"59.400124","longitude":"24.6581772"},"telephone":["+372 5551 0442"],"openingHoursSpecification":[{"@type":"OpeningHoursSpecification","dayOfWeek":["Monday","Tuesday","Wednesday","Thursday","Friday","Saturday","Sunday"],"opens":"09:00","closes":"17:00"}],"email":"info@deltae.ee","vatID":"EE101617774"},{"@type":"PostalAddress","@id":"https:\/\/www.deltae.ee\/en\/lighting\/automatics\/#local-main-place-address","streetAddress":"M\u00e4ealuse 2\/1","addressLocality":"Tallinn","postalCode":"12618","addressRegion":"Harjumaa","addressCountry":"EE"},{"@type":"ImageObject","inLanguage":"en-US","@id":"https:\/\/www.deltae.ee\/en\/lighting\/automatics\/#local-main-organization-logo","url":"https:\/\/www.deltae.ee\/wp-content\/uploads\/2019\/10\/DeltaE-sinine-must_eesti.png","contentUrl":"https:\/\/www.deltae.ee\/wp-content\/uploads\/2019\/10\/DeltaE-sinine-must_eesti.png","width":650,"height":148,"caption":"DeltaE"}]},"geo.placename":"Tallinn","geo.position":{"lat":"59.400124","long":"24.6581772"},"geo.region":"Estonia"},"_links":{"self":[{"href":"https:\/\/www.deltae.ee\/en\/wp-json\/wp\/v2\/pages\/33436","targetHints":{"allow":["GET"]}}],"collection":[{"href":"https:\/\/www.deltae.ee\/en\/wp-json\/wp\/v2\/pages"}],"about":[{"href":"https:\/\/www.deltae.ee\/en\/wp-json\/wp\/v2\/types\/page"}],"author":[{"embeddable":true,"href":"https:\/\/www.deltae.ee\/en\/wp-json\/wp\/v2\/users\/11"}],"replies":[{"embeddable":true,"href":"https:\/\/www.deltae.ee\/en\/wp-json\/wp\/v2\/comments?post=33436"}],"version-history":[{"count":0,"href":"https:\/\/www.deltae.ee\/en\/wp-json\/wp\/v2\/pages\/33436\/revisions"}],"up":[{"embeddable":true,"href":"https:\/\/www.deltae.ee\/en\/wp-json\/wp\/v2\/pages\/30345"}],"wp:featuredmedia":[{"embeddable":true,"href":"https:\/\/www.deltae.ee\/en\/wp-json\/wp\/v2\/media\/30557"}],"wp:attachment":[{"href":"https:\/\/www.deltae.ee\/en\/wp-json\/wp\/v2\/media?parent=33436"}],"curies":[{"name":"wp","href":"https:\/\/api.w.org\/{rel}","templated":true}]}}